{"id":9178,"date":"2024-10-25T00:28:36","date_gmt":"2024-10-25T06:28:36","guid":{"rendered":"https:\/\/sladom.com.mx\/?post_type=product&#038;p=9178"},"modified":"2024-10-25T00:33:34","modified_gmt":"2024-10-25T06:33:34","slug":"pinzas-pezoneras-para-hombre-o-mujer-s-l-t","status":"publish","type":"product","link":"https:\/\/sladom.com.mx\/en\/shop\/sex-shop\/pinzas-pezoneras\/pinzas-pezoneras-para-hombre-o-mujer-s-l-t\/","title":{"rendered":"Nipple clamps for men or women S-L-#-T"},"content":{"rendered":"","protected":false},"excerpt":{"rendered":"<p class=\"v1MsoNormal\">Juguete er\u00f3tico con texto para pareja o jugar solo, con cadena, abrazadera y gomas para pez\u00f3n, para juegos de rol BDSM, Bondage, sumisi\u00f3n y dominaci\u00f3n. Para estimulaci\u00f3n del pez\u00f3n.<\/p>\n<p class=\"v1MsoNormal\">Nipple play is an exciting game that allows your nipples to rise to maximum pleasure. These clamps can take the intensity to where you want.<\/p>","protected":false},"featured_media":9179,"comment_status":"closed","ping_status":"closed","template":"","meta":{"_themeisle_gutenberg_block_has_review":false},"product_brand":[],"product_cat":[85,62],"product_tag":[],"class_list":{"0":"post-9178","1":"product","2":"type-product","3":"status-publish","4":"has-post-thumbnail","6":"product_cat-pinzas-pezoneras","7":"product_cat-sex-shop","9":"first","10":"instock","11":"sale","12":"shipping-taxable","13":"purchasable","14":"product-type-simple"},"_links":{"self":[{"href":"https:\/\/sladom.com.mx\/en\/wp-json\/wp\/v2\/product\/9178","targetHints":{"allow":["GET"]}}],"collection":[{"href":"https:\/\/sladom.com.mx\/en\/wp-json\/wp\/v2\/product"}],"about":[{"href":"https:\/\/sladom.com.mx\/en\/wp-json\/wp\/v2\/types\/product"}],"replies":[{"embeddable":true,"href":"https:\/\/sladom.com.mx\/en\/wp-json\/wp\/v2\/comments?post=9178"}],"version-history":[{"count":2,"href":"https:\/\/sladom.com.mx\/en\/wp-json\/wp\/v2\/product\/9178\/revisions"}],"predecessor-version":[{"id":9181,"href":"https:\/\/sladom.com.mx\/en\/wp-json\/wp\/v2\/product\/9178\/revisions\/9181"}],"wp:featuredmedia":[{"embeddable":true,"href":"https:\/\/sladom.com.mx\/en\/wp-json\/wp\/v2\/media\/9179"}],"wp:attachment":[{"href":"https:\/\/sladom.com.mx\/en\/wp-json\/wp\/v2\/media?parent=9178"}],"wp:term":[{"taxonomy":"product_brand","embeddable":true,"href":"https:\/\/sladom.com.mx\/en\/wp-json\/wp\/v2\/product_brand?post=9178"},{"taxonomy":"product_cat","embeddable":true,"href":"https:\/\/sladom.com.mx\/en\/wp-json\/wp\/v2\/product_cat?post=9178"},{"taxonomy":"product_tag","embeddable":true,"href":"https:\/\/sladom.com.mx\/en\/wp-json\/wp\/v2\/product_tag?post=9178"}],"curies":[{"name":"wp","href":"https:\/\/api.w.org\/{rel}","templated":true}]}}