{"id":9168,"date":"2024-10-23T23:50:45","date_gmt":"2024-10-24T05:50:45","guid":{"rendered":"https:\/\/sladom.com.mx\/?post_type=product&#038;p=9168"},"modified":"2024-10-23T23:50:45","modified_gmt":"2024-10-24T05:50:45","slug":"mascara-de-cachorro-cuero-negro-tauri","status":"publish","type":"product","link":"https:\/\/sladom.com.mx\/en\/shop\/sex-shop\/bdsm\/mascaras\/mascara-de-cachorro-cuero-negro-tauri\/","title":{"rendered":"M\u00e1scara de cachorro cuero negro Tauri"},"content":{"rendered":"","protected":false},"excerpt":{"rendered":"<p>A mask made of black leather that transforms your head and your thoughts.<\/p>\n<p>Un dise\u00f1o \u00fanico por sus orejas y un hocico con una nariz sobresaliente e incluso libre para la acci\u00f3n de boca y lengua. Es como si fueras un h\u00edbrido humano-perro, listo para buscar lo que tu due\u00f1o te arroje, o simplemente ladrar o jugar con un juguete. La m\u00e1scara tiene un cincho y hebilla en la parte posterior para el ajuste y que no pierdas las caracter\u00edsticas de tu ser canino a la hora del juego. En general, es el accesorio perfecto para aquellos que quieren agregar un poco de acci\u00f3n de \u00abcachorro\u00bb a su juego de BDSM o dar rienda suelta a su canino interior. Fabricada en Sladom de cuero 100%. Si no la tenemos fabricada, el tiempo m\u00ednimo es de una semana.<\/p>","protected":false},"featured_media":9170,"comment_status":"closed","ping_status":"closed","template":"","meta":{"_themeisle_gutenberg_block_has_review":false},"product_brand":[],"product_cat":[63,95,62],"product_tag":[],"class_list":{"0":"post-9168","1":"product","2":"type-product","3":"status-publish","4":"has-post-thumbnail","6":"product_cat-bdsm","7":"product_cat-mascaras","8":"product_cat-sex-shop","10":"first","11":"instock","12":"sale","13":"shipping-taxable","14":"purchasable","15":"product-type-simple"},"_links":{"self":[{"href":"https:\/\/sladom.com.mx\/en\/wp-json\/wp\/v2\/product\/9168","targetHints":{"allow":["GET"]}}],"collection":[{"href":"https:\/\/sladom.com.mx\/en\/wp-json\/wp\/v2\/product"}],"about":[{"href":"https:\/\/sladom.com.mx\/en\/wp-json\/wp\/v2\/types\/product"}],"replies":[{"embeddable":true,"href":"https:\/\/sladom.com.mx\/en\/wp-json\/wp\/v2\/comments?post=9168"}],"version-history":[{"count":2,"href":"https:\/\/sladom.com.mx\/en\/wp-json\/wp\/v2\/product\/9168\/revisions"}],"predecessor-version":[{"id":9176,"href":"https:\/\/sladom.com.mx\/en\/wp-json\/wp\/v2\/product\/9168\/revisions\/9176"}],"wp:featuredmedia":[{"embeddable":true,"href":"https:\/\/sladom.com.mx\/en\/wp-json\/wp\/v2\/media\/9170"}],"wp:attachment":[{"href":"https:\/\/sladom.com.mx\/en\/wp-json\/wp\/v2\/media?parent=9168"}],"wp:term":[{"taxonomy":"product_brand","embeddable":true,"href":"https:\/\/sladom.com.mx\/en\/wp-json\/wp\/v2\/product_brand?post=9168"},{"taxonomy":"product_cat","embeddable":true,"href":"https:\/\/sladom.com.mx\/en\/wp-json\/wp\/v2\/product_cat?post=9168"},{"taxonomy":"product_tag","embeddable":true,"href":"https:\/\/sladom.com.mx\/en\/wp-json\/wp\/v2\/product_tag?post=9168"}],"curies":[{"name":"wp","href":"https:\/\/api.w.org\/{rel}","templated":true}]}}