{"id":8944,"date":"2024-09-05T14:29:10","date_gmt":"2024-09-05T20:29:10","guid":{"rendered":"https:\/\/sladom.com.mx\/?post_type=product&#038;p=8944"},"modified":"2024-12-07T13:40:04","modified_gmt":"2024-12-07T19:40:04","slug":"kit-de-pinwheel-masajeador-mas-pinzas-pezoneras-con-esfera","status":"publish","type":"product","link":"https:\/\/sladom.com.mx\/en\/shop\/sex-shop\/bdsm\/medical-play\/kit-de-pinwheel-masajeador-mas-pinzas-pezoneras-con-esfera\/","title":{"rendered":"Kit de pinwheel masajeador m\u00e1s pinzas pezoneras con esfera."},"content":{"rendered":"","protected":false},"excerpt":{"rendered":"<p>Kit de pinwheel masajeador\u00a0 m\u00e1s pinzas pezoneras con esfera. Juego de juguetes er\u00f3tico para hombres y mujeres. Equipo masajeador y pinzas para pez\u00f3n con bolas de metal. Juguetes sexuales para adultos. 2 piezas.<\/p>","protected":false},"featured_media":8945,"comment_status":"closed","ping_status":"closed","template":"","meta":{"_themeisle_gutenberg_block_has_review":false},"product_brand":[],"product_cat":[63,114,86,85,62],"product_tag":[],"class_list":{"0":"post-8944","1":"product","2":"type-product","3":"status-publish","4":"has-post-thumbnail","6":"product_cat-bdsm","7":"product_cat-medical-play","8":"product_cat-packs-de-ofertas","9":"product_cat-pinzas-pezoneras","10":"product_cat-sex-shop","12":"first","13":"instock","14":"sale","15":"shipping-taxable","16":"purchasable","17":"product-type-simple"},"_links":{"self":[{"href":"https:\/\/sladom.com.mx\/en\/wp-json\/wp\/v2\/product\/8944","targetHints":{"allow":["GET"]}}],"collection":[{"href":"https:\/\/sladom.com.mx\/en\/wp-json\/wp\/v2\/product"}],"about":[{"href":"https:\/\/sladom.com.mx\/en\/wp-json\/wp\/v2\/types\/product"}],"replies":[{"embeddable":true,"href":"https:\/\/sladom.com.mx\/en\/wp-json\/wp\/v2\/comments?post=8944"}],"version-history":[{"count":3,"href":"https:\/\/sladom.com.mx\/en\/wp-json\/wp\/v2\/product\/8944\/revisions"}],"predecessor-version":[{"id":9414,"href":"https:\/\/sladom.com.mx\/en\/wp-json\/wp\/v2\/product\/8944\/revisions\/9414"}],"wp:featuredmedia":[{"embeddable":true,"href":"https:\/\/sladom.com.mx\/en\/wp-json\/wp\/v2\/media\/8945"}],"wp:attachment":[{"href":"https:\/\/sladom.com.mx\/en\/wp-json\/wp\/v2\/media?parent=8944"}],"wp:term":[{"taxonomy":"product_brand","embeddable":true,"href":"https:\/\/sladom.com.mx\/en\/wp-json\/wp\/v2\/product_brand?post=8944"},{"taxonomy":"product_cat","embeddable":true,"href":"https:\/\/sladom.com.mx\/en\/wp-json\/wp\/v2\/product_cat?post=8944"},{"taxonomy":"product_tag","embeddable":true,"href":"https:\/\/sladom.com.mx\/en\/wp-json\/wp\/v2\/product_tag?post=8944"}],"curies":[{"name":"wp","href":"https:\/\/api.w.org\/{rel}","templated":true}]}}