{"id":8880,"date":"2024-08-14T20:12:12","date_gmt":"2024-08-15T02:12:12","guid":{"rendered":"https:\/\/sladom.com.mx\/?post_type=product&#038;p=8880"},"modified":"2025-01-17T13:28:37","modified_gmt":"2025-01-17T19:28:37","slug":"el-burdel-de-las-parafilias-literatura-bdsm-fetish","status":"publish","type":"product","link":"https:\/\/sladom.com.mx\/en\/shop\/store\/literatura\/el-burdel-de-las-parafilias-literatura-bdsm-fetish\/","title":{"rendered":"The brothel of paraphilias BDSM fetish literature"},"content":{"rendered":"<p>If you like erotic literature and BDSM, you definitely have to read this book that will fill you with moments of lust and perversions.<\/p>","protected":false},"excerpt":{"rendered":"<p>Libro de pasta blanda, 10 cap\u00edtulos. Sinopsis \u00abEl burdel de las parafilias es un sitio donde las personas revelan sus deseos ocultos, aquellos que se han esforzado por esconder para encajar en una sociedad hip\u00f3crita y moralista. A lo largo de sus p\u00e1ginas el lector puede ir descubriendo de la mano de los personajes -con los que m\u00e1s de uno se puede identificar- diversas historias donde las m\u00e1s perversas, s\u00e1dicas y aberrantes fantas\u00edas pueden hacerse realidad.\u00bb 141 p\u00e1ginas. Literatura para mayores de 18 a\u00f1os. Editorial: Andrea Melisa Ramos. Fecha de publicaci\u00f3n: 1 de enero de 2014. Libro de espuma.<\/p>","protected":false},"featured_media":8881,"comment_status":"closed","ping_status":"closed","template":"","meta":{"_themeisle_gutenberg_block_has_review":false},"product_brand":[],"product_cat":[141,66],"product_tag":[],"class_list":{"0":"post-8880","1":"product","2":"type-product","3":"status-publish","4":"has-post-thumbnail","6":"product_cat-literatura","7":"product_cat-store","9":"first","10":"instock","11":"sale","12":"shipping-taxable","13":"purchasable","14":"product-type-simple"},"_links":{"self":[{"href":"https:\/\/sladom.com.mx\/en\/wp-json\/wp\/v2\/product\/8880","targetHints":{"allow":["GET"]}}],"collection":[{"href":"https:\/\/sladom.com.mx\/en\/wp-json\/wp\/v2\/product"}],"about":[{"href":"https:\/\/sladom.com.mx\/en\/wp-json\/wp\/v2\/types\/product"}],"replies":[{"embeddable":true,"href":"https:\/\/sladom.com.mx\/en\/wp-json\/wp\/v2\/comments?post=8880"}],"version-history":[{"count":3,"href":"https:\/\/sladom.com.mx\/en\/wp-json\/wp\/v2\/product\/8880\/revisions"}],"predecessor-version":[{"id":8884,"href":"https:\/\/sladom.com.mx\/en\/wp-json\/wp\/v2\/product\/8880\/revisions\/8884"}],"wp:featuredmedia":[{"embeddable":true,"href":"https:\/\/sladom.com.mx\/en\/wp-json\/wp\/v2\/media\/8881"}],"wp:attachment":[{"href":"https:\/\/sladom.com.mx\/en\/wp-json\/wp\/v2\/media?parent=8880"}],"wp:term":[{"taxonomy":"product_brand","embeddable":true,"href":"https:\/\/sladom.com.mx\/en\/wp-json\/wp\/v2\/product_brand?post=8880"},{"taxonomy":"product_cat","embeddable":true,"href":"https:\/\/sladom.com.mx\/en\/wp-json\/wp\/v2\/product_cat?post=8880"},{"taxonomy":"product_tag","embeddable":true,"href":"https:\/\/sladom.com.mx\/en\/wp-json\/wp\/v2\/product_tag?post=8880"}],"curies":[{"name":"wp","href":"https:\/\/api.w.org\/{rel}","templated":true}]}}