{"id":8684,"date":"2024-07-09T13:25:59","date_gmt":"2024-07-09T19:25:59","guid":{"rendered":"https:\/\/sladom.com.mx\/?post_type=product&#038;p=8684"},"modified":"2024-10-25T23:27:07","modified_gmt":"2024-10-26T05:27:07","slug":"pinzas-pezoneras-para-hombre-o-mujer-slave-con-cadena-bdsm-bondage","status":"publish","type":"product","link":"https:\/\/sladom.com.mx\/en\/shop\/sex-shop\/pinzas-pezoneras\/pinzas-pezoneras-para-hombre-o-mujer-slave-con-cadena-bdsm-bondage\/","title":{"rendered":"Pinzas pezoneras para hombre o mujer SLAVE con cadena BDSM bondage"},"content":{"rendered":"<p>Nipple play is an exciting game that allows your nipples to rise to maximum pleasure. These clamps can take the intensity to where you want.<\/p>\n<p>&nbsp;<\/p>","protected":false},"excerpt":{"rendered":"<p>Juguete er\u00f3tico con texto para pareja o jugar solo, con cadena, abrazadera y gomas para pez\u00f3n, para juegos de rol BDSM, Bondage, sumisi\u00f3n y dominaci\u00f3n. Para estimulaci\u00f3n del pez\u00f3n.<\/p>","protected":false},"featured_media":8685,"comment_status":"closed","ping_status":"closed","template":"","meta":{"_themeisle_gutenberg_block_has_review":false},"product_brand":[],"product_cat":[85,62],"product_tag":[],"class_list":{"0":"post-8684","1":"product","2":"type-product","3":"status-publish","4":"has-post-thumbnail","6":"product_cat-pinzas-pezoneras","7":"product_cat-sex-shop","9":"first","10":"instock","11":"shipping-taxable","12":"purchasable","13":"product-type-simple"},"_links":{"self":[{"href":"https:\/\/sladom.com.mx\/en\/wp-json\/wp\/v2\/product\/8684","targetHints":{"allow":["GET"]}}],"collection":[{"href":"https:\/\/sladom.com.mx\/en\/wp-json\/wp\/v2\/product"}],"about":[{"href":"https:\/\/sladom.com.mx\/en\/wp-json\/wp\/v2\/types\/product"}],"replies":[{"embeddable":true,"href":"https:\/\/sladom.com.mx\/en\/wp-json\/wp\/v2\/comments?post=8684"}],"version-history":[{"count":1,"href":"https:\/\/sladom.com.mx\/en\/wp-json\/wp\/v2\/product\/8684\/revisions"}],"predecessor-version":[{"id":8686,"href":"https:\/\/sladom.com.mx\/en\/wp-json\/wp\/v2\/product\/8684\/revisions\/8686"}],"wp:featuredmedia":[{"embeddable":true,"href":"https:\/\/sladom.com.mx\/en\/wp-json\/wp\/v2\/media\/8685"}],"wp:attachment":[{"href":"https:\/\/sladom.com.mx\/en\/wp-json\/wp\/v2\/media?parent=8684"}],"wp:term":[{"taxonomy":"product_brand","embeddable":true,"href":"https:\/\/sladom.com.mx\/en\/wp-json\/wp\/v2\/product_brand?post=8684"},{"taxonomy":"product_cat","embeddable":true,"href":"https:\/\/sladom.com.mx\/en\/wp-json\/wp\/v2\/product_cat?post=8684"},{"taxonomy":"product_tag","embeddable":true,"href":"https:\/\/sladom.com.mx\/en\/wp-json\/wp\/v2\/product_tag?post=8684"}],"curies":[{"name":"wp","href":"https:\/\/api.w.org\/{rel}","templated":true}]}}