{"id":8532,"date":"2024-06-27T17:51:00","date_gmt":"2024-06-27T23:51:00","guid":{"rendered":"https:\/\/sladom.com.mx\/?post_type=product&#038;p=8532"},"modified":"2025-04-26T15:43:46","modified_gmt":"2025-04-26T21:43:46","slug":"jaula-de-castidad-de-a200-acero-inoxidable-para-hombre","status":"publish","type":"product","link":"https:\/\/sladom.com.mx\/en\/shop\/sex-shop\/bdsm\/castidad\/jaula-de-castidad-de-a200-acero-inoxidable-para-hombre\/","title":{"rendered":"A200 Stainless Steel Chastity Cage for Men"},"content":{"rendered":"<p>Its material is fine stainless steel. This item is made completely by hand.<\/p>\n<p>No chrome or nickel plating. Hand polished.<\/p>","protected":false},"excerpt":{"rendered":"<p>Para aquellos que buscan una castidad masculina seria, \u00a1este dispositivo de acero inoxidable bellamente dise\u00f1ado de Bon4 est\u00e1 seguro de cumplir!<\/p>\n<p>Esta jaula no solo se ve muy bien, sino que tambi\u00e9n es completamente funcional, d\u00e1ndote control total de tu sumisi\u00f3n masculina, donde quiera que est\u00e9.<\/p>\n<p>Hecho teniendo en cuenta la higiene y la comodidad, este dispositivo no es demasiado pesado y cuenta con ventilaci\u00f3n en todas partes para que pueda limpiar f\u00e1cilmente en la ducha. Peso: aproximadamente 200g<\/p>","protected":false},"featured_media":8545,"comment_status":"closed","ping_status":"closed","template":"","meta":{"_themeisle_gutenberg_block_has_review":false},"product_brand":[],"product_cat":[63,71,75,62],"product_tag":[],"class_list":{"0":"post-8532","1":"product","2":"type-product","3":"status-publish","4":"has-post-thumbnail","6":"product_cat-bdsm","7":"product_cat-castidad","8":"product_cat-castidad-acero","9":"product_cat-sex-shop","11":"first","12":"instock","13":"sale","14":"shipping-taxable","15":"purchasable","16":"product-type-variable"},"_links":{"self":[{"href":"https:\/\/sladom.com.mx\/en\/wp-json\/wp\/v2\/product\/8532","targetHints":{"allow":["GET"]}}],"collection":[{"href":"https:\/\/sladom.com.mx\/en\/wp-json\/wp\/v2\/product"}],"about":[{"href":"https:\/\/sladom.com.mx\/en\/wp-json\/wp\/v2\/types\/product"}],"replies":[{"embeddable":true,"href":"https:\/\/sladom.com.mx\/en\/wp-json\/wp\/v2\/comments?post=8532"}],"version-history":[{"count":3,"href":"https:\/\/sladom.com.mx\/en\/wp-json\/wp\/v2\/product\/8532\/revisions"}],"predecessor-version":[{"id":9966,"href":"https:\/\/sladom.com.mx\/en\/wp-json\/wp\/v2\/product\/8532\/revisions\/9966"}],"wp:featuredmedia":[{"embeddable":true,"href":"https:\/\/sladom.com.mx\/en\/wp-json\/wp\/v2\/media\/8545"}],"wp:attachment":[{"href":"https:\/\/sladom.com.mx\/en\/wp-json\/wp\/v2\/media?parent=8532"}],"wp:term":[{"taxonomy":"product_brand","embeddable":true,"href":"https:\/\/sladom.com.mx\/en\/wp-json\/wp\/v2\/product_brand?post=8532"},{"taxonomy":"product_cat","embeddable":true,"href":"https:\/\/sladom.com.mx\/en\/wp-json\/wp\/v2\/product_cat?post=8532"},{"taxonomy":"product_tag","embeddable":true,"href":"https:\/\/sladom.com.mx\/en\/wp-json\/wp\/v2\/product_tag?post=8532"}],"curies":[{"name":"wp","href":"https:\/\/api.w.org\/{rel}","templated":true}]}}