{"id":8377,"date":"2024-05-24T13:19:44","date_gmt":"2024-05-24T19:19:44","guid":{"rendered":"https:\/\/sladom.com.mx\/?post_type=product&#038;p=8377"},"modified":"2025-05-07T20:23:39","modified_gmt":"2025-05-08T02:23:39","slug":"saliva-de-teporingo-lubricante-2","status":"publish","type":"product","link":"https:\/\/sladom.com.mx\/en\/shop\/sex-shop\/lubricantes\/saliva-de-teporingo-lubricante-2\/","title":{"rendered":"Saliva from Teporingo the lubricant"},"content":{"rendered":"<p>This lubricant is for those who want more.<\/p>","protected":false},"excerpt":{"rendered":"<p class=\"v1v1msonormal\">Teporingo saliva. Water-based intimate lubricant.<\/p>\n<p class=\"v1v1msonormal\">Saliva de Teporingo se ha desarrollado como un complemento perfecto para los productos \u00ab\u00c9xtasis\u00bb y \u00abSemen\u00bb. Una vez que los lubricantes con anest\u00e9sico han cumplido su funci\u00f3n, Saliva de Teporingo proporciona una lubricaci\u00f3n adicional. Adem\u00e1s, si los lubricantes son demasiado potentes en la reducci\u00f3n de la sensibilidad, Saliva de Teporingo puede usarse como diluyente para atenuar su efecto.<\/p>\n<p class=\"v1v1msonormal\">This universal lubricant is designed to lubricate different intimate areas and promote pleasurable sexual relations. Its consistency is ideal for both the anal and vaginal areas. On the other hand, it can also be used as a lubricant for massages and as an aid for the insertion of rectal thermometers and sex toys.<\/p>\n<p class=\"v1v1msonormal\">With an unbeatable quality-price ratio, Saliva by Teporingo is the perfect choice to satisfy your most ardent sexual fantasies. Don't hesitate to try it and take your intimate experiences to the next level.<\/p>","protected":false},"featured_media":8343,"comment_status":"closed","ping_status":"closed","template":"","meta":{"_themeisle_gutenberg_block_has_review":false},"product_brand":[],"product_cat":[91,62],"product_tag":[],"class_list":{"0":"post-8377","1":"product","2":"type-product","3":"status-publish","4":"has-post-thumbnail","6":"product_cat-lubricantes","7":"product_cat-sex-shop","9":"first","10":"instock","11":"shipping-taxable","12":"purchasable","13":"product-type-simple"},"_links":{"self":[{"href":"https:\/\/sladom.com.mx\/en\/wp-json\/wp\/v2\/product\/8377","targetHints":{"allow":["GET"]}}],"collection":[{"href":"https:\/\/sladom.com.mx\/en\/wp-json\/wp\/v2\/product"}],"about":[{"href":"https:\/\/sladom.com.mx\/en\/wp-json\/wp\/v2\/types\/product"}],"replies":[{"embeddable":true,"href":"https:\/\/sladom.com.mx\/en\/wp-json\/wp\/v2\/comments?post=8377"}],"version-history":[{"count":2,"href":"https:\/\/sladom.com.mx\/en\/wp-json\/wp\/v2\/product\/8377\/revisions"}],"predecessor-version":[{"id":9979,"href":"https:\/\/sladom.com.mx\/en\/wp-json\/wp\/v2\/product\/8377\/revisions\/9979"}],"wp:featuredmedia":[{"embeddable":true,"href":"https:\/\/sladom.com.mx\/en\/wp-json\/wp\/v2\/media\/8343"}],"wp:attachment":[{"href":"https:\/\/sladom.com.mx\/en\/wp-json\/wp\/v2\/media?parent=8377"}],"wp:term":[{"taxonomy":"product_brand","embeddable":true,"href":"https:\/\/sladom.com.mx\/en\/wp-json\/wp\/v2\/product_brand?post=8377"},{"taxonomy":"product_cat","embeddable":true,"href":"https:\/\/sladom.com.mx\/en\/wp-json\/wp\/v2\/product_cat?post=8377"},{"taxonomy":"product_tag","embeddable":true,"href":"https:\/\/sladom.com.mx\/en\/wp-json\/wp\/v2\/product_tag?post=8377"}],"curies":[{"name":"wp","href":"https:\/\/api.w.org\/{rel}","templated":true}]}}