{"id":8338,"date":"2024-05-21T14:08:39","date_gmt":"2024-05-21T20:08:39","guid":{"rendered":"https:\/\/sladom.com.mx\/?post_type=product&#038;p=8338"},"modified":"2025-05-07T22:03:14","modified_gmt":"2025-05-08T04:03:14","slug":"extasis-de-loba-lubricante","status":"publish","type":"product","link":"https:\/\/sladom.com.mx\/en\/shop\/sex-shop\/lubricantes\/extasis-de-loba-lubricante\/","title":{"rendered":"Lubricating wolf ecstasy"},"content":{"rendered":"<p>This lubricant is for those who want more.<\/p>","protected":false},"excerpt":{"rendered":"<p class=\"v1MsoNormal\">Water-based vaginal lubricant with lactic acid and 0.2% lidocaine.<\/p>\n<p class=\"v1MsoNormal\">The vagina has an acidic pH, generally between 3.8 and 4.5, which is crucial for maintaining a balance of bacterial biota and preventing infections. Maintaining this pH helps inhibit the growth of pathogens and maintain vaginal health. This is why Loba's ecstasy arises.<\/p>\n<p class=\"v1MsoNormal\">\u00c9xtasis de Loba contiene un pH de 4.5 gracias a la concentraci\u00f3n de \u00e1cido l\u00e1ctico en su formulaci\u00f3n. El \u00e1cido l\u00e1ctico en la vagina ayuda a mantener un pH \u00e1cido, promoviendo el crecimiento de bacterias beneficiosas y previniendo infecciones. Adem\u00e1s, contribuye a la hidrataci\u00f3n y al mantenimiento de la mucosa vaginal.<\/p>\n<p class=\"v1MsoNormal\">On the other hand, \u00c9xtasis de Loba has a concentration of anesthetic that discreetly reduces the sensitivity of your vaginal area, thereby reducing the discomfort of penetration. It is recommended to apply it 10 minutes before the action.<\/p>\n<p class=\"v1MsoNormal\">Likewise, \u00c9xtasis de Loba is recommended to be used together with a condom in case your partner does not want to lose sensitivity.<\/p>\n<p class=\"v1MsoNormal\"><span lang=\"EN-US\">\u00bf<\/span>Do you have pain due to dryness in your vagina? Use Wolf's Ecstasy<\/p>\n<p class=\"v1MsoNormal\"><span lang=\"EN-US\">\u00bf<\/span>Are you a gifted man and do you want to prevent your partner from having pain when penetrating her? Use Wolf's Ecstasy.<\/p>\n<p class=\"v1MsoNormal\"><span lang=\"EN-US\">\u00bf<\/span>Are you a first timer and are you afraid to do it for fear of pain? Use Wolf's Ecstasy<\/p>","protected":false},"featured_media":9980,"comment_status":"closed","ping_status":"closed","template":"","meta":{"_themeisle_gutenberg_block_has_review":false},"product_brand":[],"product_cat":[91,62],"product_tag":[],"class_list":{"0":"post-8338","1":"product","2":"type-product","3":"status-publish","4":"has-post-thumbnail","6":"product_cat-lubricantes","7":"product_cat-sex-shop","9":"first","10":"instock","11":"shipping-taxable","12":"purchasable","13":"product-type-simple"},"_links":{"self":[{"href":"https:\/\/sladom.com.mx\/en\/wp-json\/wp\/v2\/product\/8338","targetHints":{"allow":["GET"]}}],"collection":[{"href":"https:\/\/sladom.com.mx\/en\/wp-json\/wp\/v2\/product"}],"about":[{"href":"https:\/\/sladom.com.mx\/en\/wp-json\/wp\/v2\/types\/product"}],"replies":[{"embeddable":true,"href":"https:\/\/sladom.com.mx\/en\/wp-json\/wp\/v2\/comments?post=8338"}],"version-history":[{"count":2,"href":"https:\/\/sladom.com.mx\/en\/wp-json\/wp\/v2\/product\/8338\/revisions"}],"predecessor-version":[{"id":8341,"href":"https:\/\/sladom.com.mx\/en\/wp-json\/wp\/v2\/product\/8338\/revisions\/8341"}],"wp:featuredmedia":[{"embeddable":true,"href":"https:\/\/sladom.com.mx\/en\/wp-json\/wp\/v2\/media\/9980"}],"wp:attachment":[{"href":"https:\/\/sladom.com.mx\/en\/wp-json\/wp\/v2\/media?parent=8338"}],"wp:term":[{"taxonomy":"product_brand","embeddable":true,"href":"https:\/\/sladom.com.mx\/en\/wp-json\/wp\/v2\/product_brand?post=8338"},{"taxonomy":"product_cat","embeddable":true,"href":"https:\/\/sladom.com.mx\/en\/wp-json\/wp\/v2\/product_cat?post=8338"},{"taxonomy":"product_tag","embeddable":true,"href":"https:\/\/sladom.com.mx\/en\/wp-json\/wp\/v2\/product_tag?post=8338"}],"curies":[{"name":"wp","href":"https:\/\/api.w.org\/{rel}","templated":true}]}}