{"id":8254,"date":"2024-04-19T18:41:55","date_gmt":"2024-04-20T00:41:55","guid":{"rendered":"https:\/\/sladom.com.mx\/?post_type=product&#038;p=8254"},"modified":"2024-04-19T18:41:55","modified_gmt":"2024-04-20T00:41:55","slug":"lampara-anti-mosquitos-de-descarga-electrica-recargable-usb-luz-para-interiores-y-exteriores-con-anillo-colgante","status":"publish","type":"product","link":"https:\/\/sladom.com.mx\/en\/shop\/store\/lampara-anti-mosquitos-de-descarga-electrica-recargable-usb-luz-para-interiores-y-exteriores-con-anillo-colgante\/","title":{"rendered":"L\u00e1mpara anti mosquitos de descarga el\u00e9ctrica, recargable, USB, luz para interiores y exteriores con anillo colgante"},"content":{"rendered":"","protected":false},"excerpt":{"rendered":"<p class=\"v1MsoNormal\">Electric Shock Anti Mosquito Lamp Rechargeable Indoor Outdoor Light with Hanging Ring.<\/p>\n<p class=\"v1MsoNormal\">-Kills mosquitoes physically<br \/>\n\u2022 Non-toxic \u2022 Non-polluting \u2022 Harmless to health.<br \/>\n-Can be used anywhere<br \/>\nBedroom, living room, garden, office, hotel, dining room, farmhouse, etc.<br \/>\nRechargeable upgrade type (rechargeable, switch)<br \/>\nPackage Included<br \/>\n1 mosquito lamp<br \/>\n1 USB cable<br \/>\nNote: Due to the different monitor and light effect, the actual color of the item might be slightly different from the color shown on the pictures. Thank you!\nPlease allow 1-2cm measuring deviation due to manual measurement.<br \/>\nPermita una desviaci\u00f3n de medici\u00f3n de 1-2cm debido a la medici\u00f3n manual.<\/p>","protected":false},"featured_media":8255,"comment_status":"closed","ping_status":"closed","template":"","meta":{"_themeisle_gutenberg_block_has_review":false},"product_brand":[],"product_cat":[66],"product_tag":[],"class_list":{"0":"post-8254","1":"product","2":"type-product","3":"status-publish","4":"has-post-thumbnail","6":"product_cat-store","8":"first","9":"instock","10":"shipping-taxable","11":"purchasable","12":"product-type-simple"},"_links":{"self":[{"href":"https:\/\/sladom.com.mx\/en\/wp-json\/wp\/v2\/product\/8254","targetHints":{"allow":["GET"]}}],"collection":[{"href":"https:\/\/sladom.com.mx\/en\/wp-json\/wp\/v2\/product"}],"about":[{"href":"https:\/\/sladom.com.mx\/en\/wp-json\/wp\/v2\/types\/product"}],"replies":[{"embeddable":true,"href":"https:\/\/sladom.com.mx\/en\/wp-json\/wp\/v2\/comments?post=8254"}],"version-history":[{"count":1,"href":"https:\/\/sladom.com.mx\/en\/wp-json\/wp\/v2\/product\/8254\/revisions"}],"predecessor-version":[{"id":8259,"href":"https:\/\/sladom.com.mx\/en\/wp-json\/wp\/v2\/product\/8254\/revisions\/8259"}],"wp:featuredmedia":[{"embeddable":true,"href":"https:\/\/sladom.com.mx\/en\/wp-json\/wp\/v2\/media\/8255"}],"wp:attachment":[{"href":"https:\/\/sladom.com.mx\/en\/wp-json\/wp\/v2\/media?parent=8254"}],"wp:term":[{"taxonomy":"product_brand","embeddable":true,"href":"https:\/\/sladom.com.mx\/en\/wp-json\/wp\/v2\/product_brand?post=8254"},{"taxonomy":"product_cat","embeddable":true,"href":"https:\/\/sladom.com.mx\/en\/wp-json\/wp\/v2\/product_cat?post=8254"},{"taxonomy":"product_tag","embeddable":true,"href":"https:\/\/sladom.com.mx\/en\/wp-json\/wp\/v2\/product_tag?post=8254"}],"curies":[{"name":"wp","href":"https:\/\/api.w.org\/{rel}","templated":true}]}}