{"id":7632,"date":"2024-02-08T23:22:18","date_gmt":"2024-02-09T05:22:18","guid":{"rendered":"https:\/\/sladom.com.mx\/?post_type=product&#038;p=7632"},"modified":"2024-03-04T18:06:39","modified_gmt":"2024-03-05T00:06:39","slug":"botas-de-ballet-fetish-bdsm-kinky-punk-unisex","status":"publish","type":"product","link":"https:\/\/sladom.com.mx\/en\/shop\/hombre\/calzadohombre\/botas-de-ballet-fetish-bdsm-kinky-punk-unisex\/","title":{"rendered":"Unisex Fetish BDSM Kinky Punk Ballet Boots"},"content":{"rendered":"<div class=\"wp-playlist wp-video-playlist wp-playlist-light\">\n\t\t<video controls=\"controls\" preload=\"none\" width=\"1198\"\n\t\t height=\"1597\"\t><\/video>\n\t<div class=\"wp-playlist-next\"><\/div>\n\t<div class=\"wp-playlist-prev\"><\/div>\n\t<noscript>\n\t<ol>\n\t\t<li><a href='https:\/\/sladom.com.mx\/wp-content\/uploads\/2024\/02\/Botas-de-ballet-fetish-BDSM-kinky-punk-unisex.mp4'>Botas de ballet fetish BDSM kinky punk unisex<\/a><\/li>\t<\/ol>\n\t<\/noscript>\n\t<script type=\"application\/json\" class=\"wp-playlist-script\">{\"type\":\"video\",\"tracklist\":true,\"tracknumbers\":true,\"images\":true,\"artists\":true,\"tracks\":[{\"src\":\"https:\/\/sladom.com.mx\/wp-content\/uploads\/2024\/02\/Botas-de-ballet-fetish-BDSM-kinky-punk-unisex.mp4\",\"type\":\"video\/mp4\",\"title\":\"Botas de ballet fetish BDSM kinky punk unisex\",\"caption\":\"\",\"description\":\"\",\"meta\":{\"length_formatted\":\"0:54\"},\"dimensions\":{\"original\":{\"width\":636,\"height\":848},\"resized\":{\"width\":1198,\"height\":1597}},\"image\":{\"src\":\"https:\/\/sladom.com.mx\/wp-includes\/images\/media\/video.svg\",\"width\":48,\"height\":64},\"thumb\":{\"src\":\"https:\/\/sladom.com.mx\/wp-includes\/images\/media\/video.svg\",\"width\":48,\"height\":64}}]}<\/script>\n<\/div>\n\t\n","protected":false},"excerpt":{"rendered":"<p>Danza una melod\u00eda que te embriague de pasi\u00f3n con las \u00abBotas de ballet de Sladom\u00bb. Elige tu color favorito y tu talla correcta. Si no hay disponible en color y n\u00famero deseado, tiempo de entrega: 10 d\u00edas. Tac\u00f3n: 18 cms.<\/p>","protected":false},"featured_media":7688,"comment_status":"closed","ping_status":"closed","template":"","meta":{"_themeisle_gutenberg_block_has_review":false},"product_brand":[],"product_cat":[134,58,15],"product_tag":[],"class_list":{"0":"post-7632","1":"product","2":"type-product","3":"status-publish","4":"has-post-thumbnail","6":"product_cat-calzadohombre","7":"product_cat-hombre","8":"product_cat-mujer","10":"first","11":"instock","12":"shipping-taxable","13":"purchasable","14":"product-type-variable"},"_links":{"self":[{"href":"https:\/\/sladom.com.mx\/en\/wp-json\/wp\/v2\/product\/7632","targetHints":{"allow":["GET"]}}],"collection":[{"href":"https:\/\/sladom.com.mx\/en\/wp-json\/wp\/v2\/product"}],"about":[{"href":"https:\/\/sladom.com.mx\/en\/wp-json\/wp\/v2\/types\/product"}],"replies":[{"embeddable":true,"href":"https:\/\/sladom.com.mx\/en\/wp-json\/wp\/v2\/comments?post=7632"}],"version-history":[{"count":5,"href":"https:\/\/sladom.com.mx\/en\/wp-json\/wp\/v2\/product\/7632\/revisions"}],"predecessor-version":[{"id":7799,"href":"https:\/\/sladom.com.mx\/en\/wp-json\/wp\/v2\/product\/7632\/revisions\/7799"}],"wp:featuredmedia":[{"embeddable":true,"href":"https:\/\/sladom.com.mx\/en\/wp-json\/wp\/v2\/media\/7688"}],"wp:attachment":[{"href":"https:\/\/sladom.com.mx\/en\/wp-json\/wp\/v2\/media?parent=7632"}],"wp:term":[{"taxonomy":"product_brand","embeddable":true,"href":"https:\/\/sladom.com.mx\/en\/wp-json\/wp\/v2\/product_brand?post=7632"},{"taxonomy":"product_cat","embeddable":true,"href":"https:\/\/sladom.com.mx\/en\/wp-json\/wp\/v2\/product_cat?post=7632"},{"taxonomy":"product_tag","embeddable":true,"href":"https:\/\/sladom.com.mx\/en\/wp-json\/wp\/v2\/product_tag?post=7632"}],"curies":[{"name":"wp","href":"https:\/\/api.w.org\/{rel}","templated":true}]}}