{"id":7345,"date":"2023-12-21T17:18:07","date_gmt":"2023-12-21T23:18:07","guid":{"rendered":"https:\/\/sladom.com.mx\/?post_type=product&#038;p=7345"},"modified":"2023-12-21T17:18:07","modified_gmt":"2023-12-21T23:18:07","slug":"funda-extensora-de-pene-reutilizable-para-hombres","status":"publish","type":"product","link":"https:\/\/sladom.com.mx\/en\/shop\/sex-shop\/dildos\/funda-extensora-de-pene-reutilizable-para-hombres\/","title":{"rendered":"Funda extensora de pene reutilizable para hombres"},"content":{"rendered":"","protected":false},"excerpt":{"rendered":"<p>Para los amantes qu\u00e9 quieren m\u00e1s placer con su pareja, \u00e9sta funda extensora de pene reutilizable es lo que estabas buscando. Brinda m\u00e1s o recibe m\u00e1s, y echa a andar esas deliciosas fantas\u00edas.<\/p>","protected":false},"featured_media":7346,"comment_status":"closed","ping_status":"closed","template":"","meta":{"_themeisle_gutenberg_block_has_review":false},"product_brand":[],"product_cat":[138,62],"product_tag":[],"class_list":{"0":"post-7345","1":"product","2":"type-product","3":"status-publish","4":"has-post-thumbnail","6":"product_cat-dildos","7":"product_cat-sex-shop","9":"first","10":"instock","11":"shipping-taxable","12":"purchasable","13":"product-type-simple"},"_links":{"self":[{"href":"https:\/\/sladom.com.mx\/en\/wp-json\/wp\/v2\/product\/7345","targetHints":{"allow":["GET"]}}],"collection":[{"href":"https:\/\/sladom.com.mx\/en\/wp-json\/wp\/v2\/product"}],"about":[{"href":"https:\/\/sladom.com.mx\/en\/wp-json\/wp\/v2\/types\/product"}],"replies":[{"embeddable":true,"href":"https:\/\/sladom.com.mx\/en\/wp-json\/wp\/v2\/comments?post=7345"}],"version-history":[{"count":1,"href":"https:\/\/sladom.com.mx\/en\/wp-json\/wp\/v2\/product\/7345\/revisions"}],"predecessor-version":[{"id":7351,"href":"https:\/\/sladom.com.mx\/en\/wp-json\/wp\/v2\/product\/7345\/revisions\/7351"}],"wp:featuredmedia":[{"embeddable":true,"href":"https:\/\/sladom.com.mx\/en\/wp-json\/wp\/v2\/media\/7346"}],"wp:attachment":[{"href":"https:\/\/sladom.com.mx\/en\/wp-json\/wp\/v2\/media?parent=7345"}],"wp:term":[{"taxonomy":"product_brand","embeddable":true,"href":"https:\/\/sladom.com.mx\/en\/wp-json\/wp\/v2\/product_brand?post=7345"},{"taxonomy":"product_cat","embeddable":true,"href":"https:\/\/sladom.com.mx\/en\/wp-json\/wp\/v2\/product_cat?post=7345"},{"taxonomy":"product_tag","embeddable":true,"href":"https:\/\/sladom.com.mx\/en\/wp-json\/wp\/v2\/product_tag?post=7345"}],"curies":[{"name":"wp","href":"https:\/\/api.w.org\/{rel}","templated":true}]}}