{"id":6897,"date":"2023-09-25T18:09:03","date_gmt":"2023-09-26T00:09:03","guid":{"rendered":"https:\/\/sladom.com.mx\/?post_type=product&#038;p=6897"},"modified":"2025-05-08T17:48:10","modified_gmt":"2025-05-08T23:48:10","slug":"latigo-lengua-de-dragon-negro","status":"publish","type":"product","link":"https:\/\/sladom.com.mx\/en\/shop\/sex-shop\/bdsm\/latigos-y-paletas\/latigo-lengua-de-dragon-negro\/","title":{"rendered":"Black Dragon Tongue Whip"},"content":{"rendered":"<p>El l\u00e1tigo que siempre hab\u00edas so\u00f1ado tener, ahora es posible adquirirlo en Sladom. Manufactura mexicana. 100% artesanal. Disfrutar\u00e1s al m\u00e1ximo esos juegos de impacto que te fascinan. Largo 1.20 mts<\/p>","protected":false},"excerpt":{"rendered":"<div dir=\"auto\">\n<p class=\"v1MsoNormal\">Nada c\u00f3mo un buen l\u00e1tigo de piel y paracord para esos juegos de impacto de gran intensidad.<\/p>\n<\/div>","protected":false},"featured_media":6898,"comment_status":"closed","ping_status":"closed","template":"","meta":{"_themeisle_gutenberg_block_has_review":false},"product_brand":[],"product_cat":[63,113,62],"product_tag":[],"class_list":{"0":"post-6897","1":"product","2":"type-product","3":"status-publish","4":"has-post-thumbnail","6":"product_cat-bdsm","7":"product_cat-latigos-y-paletas","8":"product_cat-sex-shop","10":"first","11":"instock","12":"shipping-taxable","13":"purchasable","14":"product-type-simple"},"_links":{"self":[{"href":"https:\/\/sladom.com.mx\/en\/wp-json\/wp\/v2\/product\/6897","targetHints":{"allow":["GET"]}}],"collection":[{"href":"https:\/\/sladom.com.mx\/en\/wp-json\/wp\/v2\/product"}],"about":[{"href":"https:\/\/sladom.com.mx\/en\/wp-json\/wp\/v2\/types\/product"}],"replies":[{"embeddable":true,"href":"https:\/\/sladom.com.mx\/en\/wp-json\/wp\/v2\/comments?post=6897"}],"version-history":[{"count":3,"href":"https:\/\/sladom.com.mx\/en\/wp-json\/wp\/v2\/product\/6897\/revisions"}],"predecessor-version":[{"id":7802,"href":"https:\/\/sladom.com.mx\/en\/wp-json\/wp\/v2\/product\/6897\/revisions\/7802"}],"wp:featuredmedia":[{"embeddable":true,"href":"https:\/\/sladom.com.mx\/en\/wp-json\/wp\/v2\/media\/6898"}],"wp:attachment":[{"href":"https:\/\/sladom.com.mx\/en\/wp-json\/wp\/v2\/media?parent=6897"}],"wp:term":[{"taxonomy":"product_brand","embeddable":true,"href":"https:\/\/sladom.com.mx\/en\/wp-json\/wp\/v2\/product_brand?post=6897"},{"taxonomy":"product_cat","embeddable":true,"href":"https:\/\/sladom.com.mx\/en\/wp-json\/wp\/v2\/product_cat?post=6897"},{"taxonomy":"product_tag","embeddable":true,"href":"https:\/\/sladom.com.mx\/en\/wp-json\/wp\/v2\/product_tag?post=6897"}],"curies":[{"name":"wp","href":"https:\/\/api.w.org\/{rel}","templated":true}]}}