{"id":6565,"date":"2023-07-27T21:19:00","date_gmt":"2023-07-28T03:19:00","guid":{"rendered":"https:\/\/sladom.com.mx\/?post_type=product&#038;p=6565"},"modified":"2025-05-25T12:40:14","modified_gmt":"2025-05-25T18:40:14","slug":"short-pantaloncillo-corto-pride-lgbt","status":"publish","type":"product","link":"https:\/\/sladom.com.mx\/en\/shop\/store\/pride\/short-pantaloncillo-corto-pride-lgbt\/","title":{"rendered":"Short shorts pride LGBT"},"content":{"rendered":"<p>This beautiful short, made in a black headband with the colors of the rainbow, will make you feel very comfortable and that you will be able to look like on the field, in the gym or on the beach.<\/p>","protected":false},"excerpt":{"rendered":"<p>A donde vayas, luce un gran dise\u00f1o de short pantaloncillo con el arco\u00edris del PRIDE. Id\u00f3neo para andar fresco y c\u00f3modo adem\u00e1s de sexy. Moda hombre. Ajustable con el\u00e1stico y cord\u00f3n en la cintura.<\/p>","protected":false},"featured_media":6569,"comment_status":"closed","ping_status":"closed","template":"","meta":{"_themeisle_gutenberg_block_has_review":false},"product_brand":[],"product_cat":[68,66],"product_tag":[],"class_list":{"0":"post-6565","1":"product","2":"type-product","3":"status-publish","4":"has-post-thumbnail","6":"product_cat-pride","7":"product_cat-store","9":"first","10":"instock","11":"shipping-taxable","12":"purchasable","13":"product-type-variable"},"_links":{"self":[{"href":"https:\/\/sladom.com.mx\/en\/wp-json\/wp\/v2\/product\/6565","targetHints":{"allow":["GET"]}}],"collection":[{"href":"https:\/\/sladom.com.mx\/en\/wp-json\/wp\/v2\/product"}],"about":[{"href":"https:\/\/sladom.com.mx\/en\/wp-json\/wp\/v2\/types\/product"}],"replies":[{"embeddable":true,"href":"https:\/\/sladom.com.mx\/en\/wp-json\/wp\/v2\/comments?post=6565"}],"version-history":[{"count":1,"href":"https:\/\/sladom.com.mx\/en\/wp-json\/wp\/v2\/product\/6565\/revisions"}],"predecessor-version":[{"id":6572,"href":"https:\/\/sladom.com.mx\/en\/wp-json\/wp\/v2\/product\/6565\/revisions\/6572"}],"wp:featuredmedia":[{"embeddable":true,"href":"https:\/\/sladom.com.mx\/en\/wp-json\/wp\/v2\/media\/6569"}],"wp:attachment":[{"href":"https:\/\/sladom.com.mx\/en\/wp-json\/wp\/v2\/media?parent=6565"}],"wp:term":[{"taxonomy":"product_brand","embeddable":true,"href":"https:\/\/sladom.com.mx\/en\/wp-json\/wp\/v2\/product_brand?post=6565"},{"taxonomy":"product_cat","embeddable":true,"href":"https:\/\/sladom.com.mx\/en\/wp-json\/wp\/v2\/product_cat?post=6565"},{"taxonomy":"product_tag","embeddable":true,"href":"https:\/\/sladom.com.mx\/en\/wp-json\/wp\/v2\/product_tag?post=6565"}],"curies":[{"name":"wp","href":"https:\/\/api.w.org\/{rel}","templated":true}]}}