{"id":6462,"date":"2023-07-06T23:36:45","date_gmt":"2023-07-07T05:36:45","guid":{"rendered":"https:\/\/sladom.com.mx\/?post_type=product&#038;p=6462"},"modified":"2024-07-08T14:32:12","modified_gmt":"2024-07-08T20:32:12","slug":"el-taladro-bomba-anal-inteligente-electrica-de-succion-y-vacio-para-hombres-y-mujeres-novice-combo","status":"publish","type":"product","link":"https:\/\/sladom.com.mx\/en\/shop\/sex-shop\/vibradores\/el-taladro-bomba-anal-inteligente-electrica-de-succion-y-vacio-para-hombres-y-mujeres-novice-combo\/","title":{"rendered":"El taladro Bomba Anal inteligente el\u00e9ctrica de succi\u00f3n y vac\u00edo para hombres y mujeres \u2013 Novice combo"},"content":{"rendered":"","protected":false},"excerpt":{"rendered":"<p><strong>Smart Electric Anal Pump Vacuum Sucking Massage Prostate Anal Stimulator Anal Pump for Women Men<\/strong><\/p>\n<p><span class=\"v1tgt\">\u2022 Designed for anyone willing to try backyard fun.<\/span><\/p>\n<p class=\"v1tgt1\"><span class=\"v1tgt\">\u2022 Enjoy both rear sucking and rear massage<\/span><\/p>\n<p class=\"v1tgt1\"><span class=\"v1tgt\">\u2022 Different sizes and shapes of silicone butt plugs provide different stimulation experiences;<\/span><\/p>\n<p class=\"v1tgt1\"><span class=\"v1tgt\">\u2022 The Vacuum Valve on the side of the cup can keep the vacuum in the cup unchanged even after disconnecting from the vacuum tube.<\/span><\/p>\n<p class=\"v1tgt1\"><span class=\"v1tgt\">\u2022 La V\u00e1lvula de vac\u00edo en el lado de la taza puede mantener el vac\u00edo en la taza sin cambios incluso despu\u00e9s de desconectarse del tubo de vac\u00edo.<\/span><\/p>\n<p class=\"v1tgt1\"><span class=\"v1tgt\">\u2022 Silicone butt plugs are suitable for different groups of people.<\/span><\/p>\n<p class=\"v1tgt1\"><span class=\"v1tgt\">Size:<\/span><\/p>\n<p class=\"v1tgt1\"><span class=\"v1tgt\">\u2022 Cup: height 3.5 inches, diameter 2.25 inches<\/span><\/p>\n<p class=\"v1tgt1\"><span class=\"v1tgt\">\u2022 Anal plugs (beginner series)<\/span><\/p>\n<p class=\"v1tgt1\"><span class=\"v1tgt\">\u2022 Total length: 4.3 inches<\/span><\/p>\n<p class=\"v1tgt1\"><span class=\"v1tgt\">\u2022 Insert length (without vacuum): 1.95 inches<\/span><\/p>\n<p class=\"v1tgt1\">","protected":false},"featured_media":6463,"comment_status":"closed","ping_status":"closed","template":"","meta":{"_themeisle_gutenberg_block_has_review":false},"product_brand":[],"product_cat":[62,124],"product_tag":[],"class_list":{"0":"post-6462","1":"product","2":"type-product","3":"status-publish","4":"has-post-thumbnail","6":"product_cat-sex-shop","7":"product_cat-vibradores","9":"first","10":"instock","11":"sale","12":"shipping-taxable","13":"purchasable","14":"product-type-simple"},"_links":{"self":[{"href":"https:\/\/sladom.com.mx\/en\/wp-json\/wp\/v2\/product\/6462","targetHints":{"allow":["GET"]}}],"collection":[{"href":"https:\/\/sladom.com.mx\/en\/wp-json\/wp\/v2\/product"}],"about":[{"href":"https:\/\/sladom.com.mx\/en\/wp-json\/wp\/v2\/types\/product"}],"replies":[{"embeddable":true,"href":"https:\/\/sladom.com.mx\/en\/wp-json\/wp\/v2\/comments?post=6462"}],"version-history":[{"count":2,"href":"https:\/\/sladom.com.mx\/en\/wp-json\/wp\/v2\/product\/6462\/revisions"}],"predecessor-version":[{"id":8641,"href":"https:\/\/sladom.com.mx\/en\/wp-json\/wp\/v2\/product\/6462\/revisions\/8641"}],"wp:featuredmedia":[{"embeddable":true,"href":"https:\/\/sladom.com.mx\/en\/wp-json\/wp\/v2\/media\/6463"}],"wp:attachment":[{"href":"https:\/\/sladom.com.mx\/en\/wp-json\/wp\/v2\/media?parent=6462"}],"wp:term":[{"taxonomy":"product_brand","embeddable":true,"href":"https:\/\/sladom.com.mx\/en\/wp-json\/wp\/v2\/product_brand?post=6462"},{"taxonomy":"product_cat","embeddable":true,"href":"https:\/\/sladom.com.mx\/en\/wp-json\/wp\/v2\/product_cat?post=6462"},{"taxonomy":"product_tag","embeddable":true,"href":"https:\/\/sladom.com.mx\/en\/wp-json\/wp\/v2\/product_tag?post=6462"}],"curies":[{"name":"wp","href":"https:\/\/api.w.org\/{rel}","templated":true}]}}