{"id":6200,"date":"2023-05-02T21:19:28","date_gmt":"2023-05-03T03:19:28","guid":{"rendered":"https:\/\/sladom.com.mx\/?post_type=product&#038;p=6200"},"modified":"2024-01-02T15:07:20","modified_gmt":"2024-01-02T21:07:20","slug":"plug-anal-de-silicon","status":"publish","type":"product","link":"https:\/\/sladom.com.mx\/en\/shop\/sex-shop\/plugs\/plug-anal-de-silicon\/","title":{"rendered":"silicone anal plug"},"content":{"rendered":"<p>S\u00f3lo Sladom lo tiene, escoge tu color favorito y el tama\u00f1o ideal y nosotros nos encargamos de envi\u00e1rtelo.<\/p>","protected":false},"excerpt":{"rendered":"<p>The measurements of these plugs meet what you expected. Each measure adapts to the needs of your desires. Choose and enjoy to the fullest.<\/p>","protected":false},"featured_media":6223,"comment_status":"closed","ping_status":"closed","template":"","meta":{"_themeisle_gutenberg_block_has_review":false},"product_brand":[],"product_cat":[72,62],"product_tag":[],"class_list":{"0":"post-6200","1":"product","2":"type-product","3":"status-publish","4":"has-post-thumbnail","6":"product_cat-plugs","7":"product_cat-sex-shop","9":"first","10":"instock","11":"shipping-taxable","12":"purchasable","13":"product-type-variable"},"_links":{"self":[{"href":"https:\/\/sladom.com.mx\/en\/wp-json\/wp\/v2\/product\/6200","targetHints":{"allow":["GET"]}}],"collection":[{"href":"https:\/\/sladom.com.mx\/en\/wp-json\/wp\/v2\/product"}],"about":[{"href":"https:\/\/sladom.com.mx\/en\/wp-json\/wp\/v2\/types\/product"}],"replies":[{"embeddable":true,"href":"https:\/\/sladom.com.mx\/en\/wp-json\/wp\/v2\/comments?post=6200"}],"version-history":[{"count":2,"href":"https:\/\/sladom.com.mx\/en\/wp-json\/wp\/v2\/product\/6200\/revisions"}],"predecessor-version":[{"id":6229,"href":"https:\/\/sladom.com.mx\/en\/wp-json\/wp\/v2\/product\/6200\/revisions\/6229"}],"wp:featuredmedia":[{"embeddable":true,"href":"https:\/\/sladom.com.mx\/en\/wp-json\/wp\/v2\/media\/6223"}],"wp:attachment":[{"href":"https:\/\/sladom.com.mx\/en\/wp-json\/wp\/v2\/media?parent=6200"}],"wp:term":[{"taxonomy":"product_brand","embeddable":true,"href":"https:\/\/sladom.com.mx\/en\/wp-json\/wp\/v2\/product_brand?post=6200"},{"taxonomy":"product_cat","embeddable":true,"href":"https:\/\/sladom.com.mx\/en\/wp-json\/wp\/v2\/product_cat?post=6200"},{"taxonomy":"product_tag","embeddable":true,"href":"https:\/\/sladom.com.mx\/en\/wp-json\/wp\/v2\/product_tag?post=6200"}],"curies":[{"name":"wp","href":"https:\/\/api.w.org\/{rel}","templated":true}]}}