{"id":5894,"date":"2023-02-22T20:33:36","date_gmt":"2023-02-23T02:33:36","guid":{"rendered":"https:\/\/sladom.com.mx\/?post_type=product&#038;p=5894"},"modified":"2024-08-20T13:12:20","modified_gmt":"2024-08-20T19:12:20","slug":"mordaza-de-esfera-negra-silicon-suave-mediana-y-grande-gag","status":"publish","type":"product","link":"https:\/\/sladom.com.mx\/en\/shop\/sex-shop\/bdsm\/mordazas\/mordaza-de-esfera-negra-silicon-suave-mediana-y-grande-gag\/","title":{"rendered":"Black sphere gag soft silicone medium and large gag"},"content":{"rendered":"<p>This silicone gag will be very comfortable when using it because its material makes it very flexible.<\/p>","protected":false},"excerpt":{"rendered":"<p>Si buscas una mordaza de gran tama\u00f1o, de silic\u00f3n suave con cintur\u00f3n de cuero PH ajustable, que te brinde la comodidad a la hora de jugar, entonces elige entre estas 2 grandes opciones y a disfrutar.<\/p>","protected":false},"featured_media":5897,"comment_status":"closed","ping_status":"closed","template":"","meta":{"_themeisle_gutenberg_block_has_review":false},"product_brand":[],"product_cat":[63,140,62],"product_tag":[],"class_list":{"0":"post-5894","1":"product","2":"type-product","3":"status-publish","4":"has-post-thumbnail","6":"product_cat-bdsm","7":"product_cat-mordazas","8":"product_cat-sex-shop","10":"first","11":"instock","12":"shipping-taxable","13":"purchasable","14":"product-type-variable"},"_links":{"self":[{"href":"https:\/\/sladom.com.mx\/en\/wp-json\/wp\/v2\/product\/5894","targetHints":{"allow":["GET"]}}],"collection":[{"href":"https:\/\/sladom.com.mx\/en\/wp-json\/wp\/v2\/product"}],"about":[{"href":"https:\/\/sladom.com.mx\/en\/wp-json\/wp\/v2\/types\/product"}],"replies":[{"embeddable":true,"href":"https:\/\/sladom.com.mx\/en\/wp-json\/wp\/v2\/comments?post=5894"}],"version-history":[{"count":1,"href":"https:\/\/sladom.com.mx\/en\/wp-json\/wp\/v2\/product\/5894\/revisions"}],"predecessor-version":[{"id":5902,"href":"https:\/\/sladom.com.mx\/en\/wp-json\/wp\/v2\/product\/5894\/revisions\/5902"}],"wp:featuredmedia":[{"embeddable":true,"href":"https:\/\/sladom.com.mx\/en\/wp-json\/wp\/v2\/media\/5897"}],"wp:attachment":[{"href":"https:\/\/sladom.com.mx\/en\/wp-json\/wp\/v2\/media?parent=5894"}],"wp:term":[{"taxonomy":"product_brand","embeddable":true,"href":"https:\/\/sladom.com.mx\/en\/wp-json\/wp\/v2\/product_brand?post=5894"},{"taxonomy":"product_cat","embeddable":true,"href":"https:\/\/sladom.com.mx\/en\/wp-json\/wp\/v2\/product_cat?post=5894"},{"taxonomy":"product_tag","embeddable":true,"href":"https:\/\/sladom.com.mx\/en\/wp-json\/wp\/v2\/product_tag?post=5894"}],"curies":[{"name":"wp","href":"https:\/\/api.w.org\/{rel}","templated":true}]}}