{"id":5801,"date":"2023-02-16T23:49:16","date_gmt":"2023-02-17T05:49:16","guid":{"rendered":"https:\/\/sladom.com.mx\/?post_type=product&#038;p=5801"},"modified":"2024-06-11T17:33:50","modified_gmt":"2024-06-11T23:33:50","slug":"camiseta-tank-top","status":"publish","type":"product","link":"https:\/\/sladom.com.mx\/en\/shop\/store\/moda-hombre\/camiseta-tank-top\/","title":{"rendered":"Tank top"},"content":{"rendered":"<p>This tank top is so comfortable and soft feeling that it fits your skin and you will show off those muscles you have and make you look very manly.<\/p>","protected":false},"excerpt":{"rendered":"<p>Una tank top imitaci\u00f3n piel de gran calidad que te haga lucir. Sus acabados y calidad te encantar\u00e1n. Esta tank top har\u00e1 que m\u00e1s de uno voltee a verte.<\/p>\n<p>Esta tank top har\u00e1 que m\u00e1s de uno voltee a verte.<\/p>","protected":false},"featured_media":5806,"comment_status":"closed","ping_status":"closed","template":"","meta":{"_themeisle_gutenberg_block_has_review":false},"product_brand":[],"product_cat":[58,116,66,60],"product_tag":[],"class_list":{"0":"post-5801","1":"product","2":"type-product","3":"status-publish","4":"has-post-thumbnail","6":"product_cat-hombre","7":"product_cat-moda-hombre","8":"product_cat-store","9":"product_cat-underwear","11":"first","12":"instock","13":"sale","14":"shipping-taxable","15":"purchasable","16":"product-type-variable"},"_links":{"self":[{"href":"https:\/\/sladom.com.mx\/en\/wp-json\/wp\/v2\/product\/5801","targetHints":{"allow":["GET"]}}],"collection":[{"href":"https:\/\/sladom.com.mx\/en\/wp-json\/wp\/v2\/product"}],"about":[{"href":"https:\/\/sladom.com.mx\/en\/wp-json\/wp\/v2\/types\/product"}],"replies":[{"embeddable":true,"href":"https:\/\/sladom.com.mx\/en\/wp-json\/wp\/v2\/comments?post=5801"}],"version-history":[{"count":1,"href":"https:\/\/sladom.com.mx\/en\/wp-json\/wp\/v2\/product\/5801\/revisions"}],"predecessor-version":[{"id":5810,"href":"https:\/\/sladom.com.mx\/en\/wp-json\/wp\/v2\/product\/5801\/revisions\/5810"}],"wp:featuredmedia":[{"embeddable":true,"href":"https:\/\/sladom.com.mx\/en\/wp-json\/wp\/v2\/media\/5806"}],"wp:attachment":[{"href":"https:\/\/sladom.com.mx\/en\/wp-json\/wp\/v2\/media?parent=5801"}],"wp:term":[{"taxonomy":"product_brand","embeddable":true,"href":"https:\/\/sladom.com.mx\/en\/wp-json\/wp\/v2\/product_brand?post=5801"},{"taxonomy":"product_cat","embeddable":true,"href":"https:\/\/sladom.com.mx\/en\/wp-json\/wp\/v2\/product_cat?post=5801"},{"taxonomy":"product_tag","embeddable":true,"href":"https:\/\/sladom.com.mx\/en\/wp-json\/wp\/v2\/product_tag?post=5801"}],"curies":[{"name":"wp","href":"https:\/\/api.w.org\/{rel}","templated":true}]}}