{"id":5778,"date":"2023-02-16T00:00:44","date_gmt":"2023-02-16T06:00:44","guid":{"rendered":"https:\/\/sladom.com.mx\/?post_type=product&#038;p=5778"},"modified":"2025-08-21T22:42:11","modified_gmt":"2025-08-22T04:42:11","slug":"cinturon-de-piel-para-jaula-de-castidad","status":"publish","type":"product","link":"https:\/\/sladom.com.mx\/en\/shop\/sex-shop\/bdsm\/castidad\/cinturon-de-piel-para-jaula-de-castidad\/","title":{"rendered":"Leather belt for chastity cage"},"content":{"rendered":"<p>This belt is designed by Sladom for chastity cages, always with the best quality that we can offer you.<\/p>","protected":false},"excerpt":{"rendered":"<p>Para quien quiere mayor restricci\u00f3n, un cintur\u00f3n de piel es fundamental a la hora de usar tu jaula de castidad. Hecho en piel. 2.5 cms de ancho, con 3 broches de presi\u00f3n para ajuste. Para hacerlo a tu medida: requerimos la circunferencia de tu cintura en cent\u00edmetros, de extremo a extremo de la anilla de la jaula de castidad tal como se muestra en la imagen.<\/p>","protected":false},"featured_media":5783,"comment_status":"closed","ping_status":"closed","template":"","meta":{"_themeisle_gutenberg_block_has_review":false},"product_brand":[],"product_cat":[63,71,62],"product_tag":[],"class_list":{"0":"post-5778","1":"product","2":"type-product","3":"status-publish","4":"has-post-thumbnail","6":"product_cat-bdsm","7":"product_cat-castidad","8":"product_cat-sex-shop","10":"first","11":"instock","12":"shipping-taxable","13":"purchasable","14":"product-type-simple"},"_links":{"self":[{"href":"https:\/\/sladom.com.mx\/en\/wp-json\/wp\/v2\/product\/5778","targetHints":{"allow":["GET"]}}],"collection":[{"href":"https:\/\/sladom.com.mx\/en\/wp-json\/wp\/v2\/product"}],"about":[{"href":"https:\/\/sladom.com.mx\/en\/wp-json\/wp\/v2\/types\/product"}],"replies":[{"embeddable":true,"href":"https:\/\/sladom.com.mx\/en\/wp-json\/wp\/v2\/comments?post=5778"}],"version-history":[{"count":2,"href":"https:\/\/sladom.com.mx\/en\/wp-json\/wp\/v2\/product\/5778\/revisions"}],"predecessor-version":[{"id":10527,"href":"https:\/\/sladom.com.mx\/en\/wp-json\/wp\/v2\/product\/5778\/revisions\/10527"}],"wp:featuredmedia":[{"embeddable":true,"href":"https:\/\/sladom.com.mx\/en\/wp-json\/wp\/v2\/media\/5783"}],"wp:attachment":[{"href":"https:\/\/sladom.com.mx\/en\/wp-json\/wp\/v2\/media?parent=5778"}],"wp:term":[{"taxonomy":"product_brand","embeddable":true,"href":"https:\/\/sladom.com.mx\/en\/wp-json\/wp\/v2\/product_brand?post=5778"},{"taxonomy":"product_cat","embeddable":true,"href":"https:\/\/sladom.com.mx\/en\/wp-json\/wp\/v2\/product_cat?post=5778"},{"taxonomy":"product_tag","embeddable":true,"href":"https:\/\/sladom.com.mx\/en\/wp-json\/wp\/v2\/product_tag?post=5778"}],"curies":[{"name":"wp","href":"https:\/\/api.w.org\/{rel}","templated":true}]}}