{"id":5568,"date":"2022-12-28T14:30:32","date_gmt":"2022-12-28T20:30:32","guid":{"rendered":"https:\/\/sladom.com.mx\/?post_type=product&#038;p=5568"},"modified":"2022-12-28T14:57:33","modified_gmt":"2022-12-28T20:57:33","slug":"short-deportivo-transpirable-para-gimnasio-culturismo-joggig-y-playa-para-hombre","status":"publish","type":"product","link":"https:\/\/sladom.com.mx\/en\/shop\/store\/playa\/short-deportivo-transpirable-para-gimnasio-culturismo-joggig-y-playa-para-hombre\/","title":{"rendered":"Breathable sports short for gym, bodybuilding, jogging and beach. For men."},"content":{"rendered":"<p>This short is so comfortable and versatile that you can wear it in any activity you do, it will surely make you look great.<\/p>","protected":false},"excerpt":{"rendered":"<p>Este dise\u00f1o de short querr\u00e1s usarlo en todos lados. Por su dise\u00f1o y textura es tan vers\u00e1til, gimnasio, jogging, culturismo, playa y todo tipo de deportes.<\/p>","protected":false},"featured_media":5589,"comment_status":"closed","ping_status":"closed","template":"","meta":{"_themeisle_gutenberg_block_has_review":false},"product_brand":[],"product_cat":[67,115,66],"product_tag":[],"class_list":{"0":"post-5568","1":"product","2":"type-product","3":"status-publish","4":"has-post-thumbnail","6":"product_cat-playa","7":"product_cat-sport","8":"product_cat-store","10":"first","11":"instock","12":"shipping-taxable","13":"purchasable","14":"product-type-variable"},"_links":{"self":[{"href":"https:\/\/sladom.com.mx\/en\/wp-json\/wp\/v2\/product\/5568","targetHints":{"allow":["GET"]}}],"collection":[{"href":"https:\/\/sladom.com.mx\/en\/wp-json\/wp\/v2\/product"}],"about":[{"href":"https:\/\/sladom.com.mx\/en\/wp-json\/wp\/v2\/types\/product"}],"replies":[{"embeddable":true,"href":"https:\/\/sladom.com.mx\/en\/wp-json\/wp\/v2\/comments?post=5568"}],"version-history":[{"count":3,"href":"https:\/\/sladom.com.mx\/en\/wp-json\/wp\/v2\/product\/5568\/revisions"}],"predecessor-version":[{"id":5594,"href":"https:\/\/sladom.com.mx\/en\/wp-json\/wp\/v2\/product\/5568\/revisions\/5594"}],"wp:featuredmedia":[{"embeddable":true,"href":"https:\/\/sladom.com.mx\/en\/wp-json\/wp\/v2\/media\/5589"}],"wp:attachment":[{"href":"https:\/\/sladom.com.mx\/en\/wp-json\/wp\/v2\/media?parent=5568"}],"wp:term":[{"taxonomy":"product_brand","embeddable":true,"href":"https:\/\/sladom.com.mx\/en\/wp-json\/wp\/v2\/product_brand?post=5568"},{"taxonomy":"product_cat","embeddable":true,"href":"https:\/\/sladom.com.mx\/en\/wp-json\/wp\/v2\/product_cat?post=5568"},{"taxonomy":"product_tag","embeddable":true,"href":"https:\/\/sladom.com.mx\/en\/wp-json\/wp\/v2\/product_tag?post=5568"}],"curies":[{"name":"wp","href":"https:\/\/api.w.org\/{rel}","templated":true}]}}