{"id":5131,"date":"2022-11-02T11:49:50","date_gmt":"2022-11-02T17:49:50","guid":{"rendered":"https:\/\/sladom.com.mx\/?post_type=product&#038;p=5131"},"modified":"2022-11-02T11:55:53","modified_gmt":"2022-11-02T17:55:53","slug":"latigo-maniota-de-madera-y-cola-de-aluminio","status":"publish","type":"product","link":"https:\/\/sladom.com.mx\/en\/shop\/sex-shop\/bdsm\/latigos-y-paletas\/latigo-maniota-de-madera-y-cola-de-aluminio\/","title":{"rendered":"Wooden handcuff whip and aluminum tail."},"content":{"rendered":"<p>Este l\u00e1tigo es tan pr\u00e1ctico y peque\u00f1o que pude manipularse f\u00e1cilmente , elaborado con un mango de madera para un buen agarre y con un latigo de aluminio corto que permite tener mejor control de movimiento.<\/p>","protected":false},"excerpt":{"rendered":"<div dir=\"auto\">Practical whip with wooden handle. Enjoy impact games. The ideal measure and the perfect thickness. Useful in personal self-defense.<\/div>","protected":false},"featured_media":5132,"comment_status":"closed","ping_status":"closed","template":"","meta":{"_themeisle_gutenberg_block_has_review":false},"product_brand":[],"product_cat":[63,113,62],"product_tag":[],"class_list":{"0":"post-5131","1":"product","2":"type-product","3":"status-publish","4":"has-post-thumbnail","6":"product_cat-bdsm","7":"product_cat-latigos-y-paletas","8":"product_cat-sex-shop","10":"first","11":"instock","12":"shipping-taxable","13":"purchasable","14":"product-type-simple"},"_links":{"self":[{"href":"https:\/\/sladom.com.mx\/en\/wp-json\/wp\/v2\/product\/5131","targetHints":{"allow":["GET"]}}],"collection":[{"href":"https:\/\/sladom.com.mx\/en\/wp-json\/wp\/v2\/product"}],"about":[{"href":"https:\/\/sladom.com.mx\/en\/wp-json\/wp\/v2\/types\/product"}],"replies":[{"embeddable":true,"href":"https:\/\/sladom.com.mx\/en\/wp-json\/wp\/v2\/comments?post=5131"}],"version-history":[{"count":3,"href":"https:\/\/sladom.com.mx\/en\/wp-json\/wp\/v2\/product\/5131\/revisions"}],"predecessor-version":[{"id":5140,"href":"https:\/\/sladom.com.mx\/en\/wp-json\/wp\/v2\/product\/5131\/revisions\/5140"}],"wp:featuredmedia":[{"embeddable":true,"href":"https:\/\/sladom.com.mx\/en\/wp-json\/wp\/v2\/media\/5132"}],"wp:attachment":[{"href":"https:\/\/sladom.com.mx\/en\/wp-json\/wp\/v2\/media?parent=5131"}],"wp:term":[{"taxonomy":"product_brand","embeddable":true,"href":"https:\/\/sladom.com.mx\/en\/wp-json\/wp\/v2\/product_brand?post=5131"},{"taxonomy":"product_cat","embeddable":true,"href":"https:\/\/sladom.com.mx\/en\/wp-json\/wp\/v2\/product_cat?post=5131"},{"taxonomy":"product_tag","embeddable":true,"href":"https:\/\/sladom.com.mx\/en\/wp-json\/wp\/v2\/product_tag?post=5131"}],"curies":[{"name":"wp","href":"https:\/\/api.w.org\/{rel}","templated":true}]}}