{"id":5076,"date":"2022-10-17T18:02:24","date_gmt":"2022-10-17T23:02:24","guid":{"rendered":"https:\/\/sladom.com.mx\/?post_type=product&#038;p=5076"},"modified":"2025-10-06T14:25:44","modified_gmt":"2025-10-06T20:25:44","slug":"vibrador-magic-wand-hitachi-estimulador","status":"publish","type":"product","link":"https:\/\/sladom.com.mx\/en\/shop\/sex-shop\/vibradores\/vibrador-magic-wand-hitachi-estimulador\/","title":{"rendered":"Vibrador Magic Wand Hitachi estimulador"},"content":{"rendered":"<p>This magnificent vibrator is perfect to stimulate and give your partner different sensations in any part of the body.<\/p>\n<p>&nbsp;<\/p>","protected":false},"excerpt":{"rendered":"<p>Magic Wand es el vibrador que estabas esperando. De gran tama\u00f1o, sus 30 velocidades har\u00e1n que elijas la sensaci\u00f3n que deseas. Carga USB.<\/p>","protected":false},"featured_media":5077,"comment_status":"closed","ping_status":"closed","template":"","meta":{"_themeisle_gutenberg_block_has_review":false},"product_brand":[],"product_cat":[62,124],"product_tag":[],"class_list":{"0":"post-5076","1":"product","2":"type-product","3":"status-publish","4":"has-post-thumbnail","6":"product_cat-sex-shop","7":"product_cat-vibradores","9":"first","10":"instock","11":"sale","12":"shipping-taxable","13":"purchasable","14":"product-type-variable"},"_links":{"self":[{"href":"https:\/\/sladom.com.mx\/en\/wp-json\/wp\/v2\/product\/5076","targetHints":{"allow":["GET"]}}],"collection":[{"href":"https:\/\/sladom.com.mx\/en\/wp-json\/wp\/v2\/product"}],"about":[{"href":"https:\/\/sladom.com.mx\/en\/wp-json\/wp\/v2\/types\/product"}],"replies":[{"embeddable":true,"href":"https:\/\/sladom.com.mx\/en\/wp-json\/wp\/v2\/comments?post=5076"}],"version-history":[{"count":4,"href":"https:\/\/sladom.com.mx\/en\/wp-json\/wp\/v2\/product\/5076\/revisions"}],"predecessor-version":[{"id":11060,"href":"https:\/\/sladom.com.mx\/en\/wp-json\/wp\/v2\/product\/5076\/revisions\/11060"}],"wp:featuredmedia":[{"embeddable":true,"href":"https:\/\/sladom.com.mx\/en\/wp-json\/wp\/v2\/media\/5077"}],"wp:attachment":[{"href":"https:\/\/sladom.com.mx\/en\/wp-json\/wp\/v2\/media?parent=5076"}],"wp:term":[{"taxonomy":"product_brand","embeddable":true,"href":"https:\/\/sladom.com.mx\/en\/wp-json\/wp\/v2\/product_brand?post=5076"},{"taxonomy":"product_cat","embeddable":true,"href":"https:\/\/sladom.com.mx\/en\/wp-json\/wp\/v2\/product_cat?post=5076"},{"taxonomy":"product_tag","embeddable":true,"href":"https:\/\/sladom.com.mx\/en\/wp-json\/wp\/v2\/product_tag?post=5076"}],"curies":[{"name":"wp","href":"https:\/\/api.w.org\/{rel}","templated":true}]}}