{"id":4048,"date":"2022-05-23T17:44:05","date_gmt":"2022-05-23T23:44:05","guid":{"rendered":"https:\/\/sladom.com.mx\/?post_type=product&#038;p=4048"},"modified":"2022-08-17T20:30:13","modified_gmt":"2022-08-18T02:30:13","slug":"mono-pajarita-de-cuero","status":"publish","type":"product","link":"https:\/\/sladom.com.mx\/en\/shop\/hombre\/accesorios-hombre\/mono-pajarita-de-cuero\/","title":{"rendered":"Mo\u00f1o pajarita de cuero"},"content":{"rendered":"<p>Este accesorio dise\u00f1ado de una forma original y s\u00f3lo con el material estrella de nuestra marca \u00abcuero\u00bb, har\u00e1 que luzcas de manera original, tanto casual, c\u00f3mo formal en cualquier ocasi\u00f3n.<\/p>","protected":false},"excerpt":{"rendered":"<p>Si te gusta la formalidad, la elegancia y calidad, un mo\u00f1o \u2013 pajarita de piel es lo que necesitas para lucir en ese evento p\u00fablico o privado.<\/p>","protected":false},"featured_media":4049,"comment_status":"closed","ping_status":"closed","template":"","meta":{"_themeisle_gutenberg_block_has_review":false},"product_brand":[],"product_cat":[109,58],"product_tag":[],"class_list":{"0":"post-4048","1":"product","2":"type-product","3":"status-publish","4":"has-post-thumbnail","6":"product_cat-accesorios-hombre","7":"product_cat-hombre","9":"first","10":"instock","11":"shipping-taxable","12":"purchasable","13":"product-type-simple"},"_links":{"self":[{"href":"https:\/\/sladom.com.mx\/en\/wp-json\/wp\/v2\/product\/4048","targetHints":{"allow":["GET"]}}],"collection":[{"href":"https:\/\/sladom.com.mx\/en\/wp-json\/wp\/v2\/product"}],"about":[{"href":"https:\/\/sladom.com.mx\/en\/wp-json\/wp\/v2\/types\/product"}],"replies":[{"embeddable":true,"href":"https:\/\/sladom.com.mx\/en\/wp-json\/wp\/v2\/comments?post=4048"}],"version-history":[{"count":1,"href":"https:\/\/sladom.com.mx\/en\/wp-json\/wp\/v2\/product\/4048\/revisions"}],"predecessor-version":[{"id":4050,"href":"https:\/\/sladom.com.mx\/en\/wp-json\/wp\/v2\/product\/4048\/revisions\/4050"}],"wp:featuredmedia":[{"embeddable":true,"href":"https:\/\/sladom.com.mx\/en\/wp-json\/wp\/v2\/media\/4049"}],"wp:attachment":[{"href":"https:\/\/sladom.com.mx\/en\/wp-json\/wp\/v2\/media?parent=4048"}],"wp:term":[{"taxonomy":"product_brand","embeddable":true,"href":"https:\/\/sladom.com.mx\/en\/wp-json\/wp\/v2\/product_brand?post=4048"},{"taxonomy":"product_cat","embeddable":true,"href":"https:\/\/sladom.com.mx\/en\/wp-json\/wp\/v2\/product_cat?post=4048"},{"taxonomy":"product_tag","embeddable":true,"href":"https:\/\/sladom.com.mx\/en\/wp-json\/wp\/v2\/product_tag?post=4048"}],"curies":[{"name":"wp","href":"https:\/\/api.w.org\/{rel}","templated":true}]}}