{"id":3752,"date":"2022-04-22T23:19:40","date_gmt":"2022-04-23T05:19:40","guid":{"rendered":"https:\/\/sladom.com.mx\/?post_type=product&#038;p=3752"},"modified":"2022-08-18T17:55:38","modified_gmt":"2022-08-18T23:55:38","slug":"candados-numerales-para-jaula-de-castidad","status":"publish","type":"product","link":"https:\/\/sladom.com.mx\/en\/shop\/sex-shop\/bdsm\/castidad\/candados-numerales-para-jaula-de-castidad\/","title":{"rendered":"Number padlocks for chastity cage"},"content":{"rendered":"<p>These locks will allow your partner to have absolute control of you at all times and will show you who's boss. You will surely take it into account.<\/p>","protected":false},"excerpt":{"rendered":"<p>Cuando viajes, \u00a0tu due\u00f1o tendr\u00e1 mayor control de lo que haces y no habr\u00e1 enga\u00f1o al usar los candados numerales. Lo podr\u00e1s cortar durante el viaje, pero al regresar tendr\u00e1s un gran castigo. \u00bfNo es lo que quieres o si?<\/p>","protected":false},"featured_media":3755,"comment_status":"closed","ping_status":"closed","template":"","meta":{"_themeisle_gutenberg_block_has_review":false},"product_brand":[],"product_cat":[63,71,62],"product_tag":[],"class_list":{"0":"post-3752","1":"product","2":"type-product","3":"status-publish","4":"has-post-thumbnail","6":"product_cat-bdsm","7":"product_cat-castidad","8":"product_cat-sex-shop","10":"first","11":"instock","12":"shipping-taxable","13":"purchasable","14":"product-type-variable"},"_links":{"self":[{"href":"https:\/\/sladom.com.mx\/en\/wp-json\/wp\/v2\/product\/3752","targetHints":{"allow":["GET"]}}],"collection":[{"href":"https:\/\/sladom.com.mx\/en\/wp-json\/wp\/v2\/product"}],"about":[{"href":"https:\/\/sladom.com.mx\/en\/wp-json\/wp\/v2\/types\/product"}],"replies":[{"embeddable":true,"href":"https:\/\/sladom.com.mx\/en\/wp-json\/wp\/v2\/comments?post=3752"}],"version-history":[{"count":2,"href":"https:\/\/sladom.com.mx\/en\/wp-json\/wp\/v2\/product\/3752\/revisions"}],"predecessor-version":[{"id":4704,"href":"https:\/\/sladom.com.mx\/en\/wp-json\/wp\/v2\/product\/3752\/revisions\/4704"}],"wp:featuredmedia":[{"embeddable":true,"href":"https:\/\/sladom.com.mx\/en\/wp-json\/wp\/v2\/media\/3755"}],"wp:attachment":[{"href":"https:\/\/sladom.com.mx\/en\/wp-json\/wp\/v2\/media?parent=3752"}],"wp:term":[{"taxonomy":"product_brand","embeddable":true,"href":"https:\/\/sladom.com.mx\/en\/wp-json\/wp\/v2\/product_brand?post=3752"},{"taxonomy":"product_cat","embeddable":true,"href":"https:\/\/sladom.com.mx\/en\/wp-json\/wp\/v2\/product_cat?post=3752"},{"taxonomy":"product_tag","embeddable":true,"href":"https:\/\/sladom.com.mx\/en\/wp-json\/wp\/v2\/product_tag?post=3752"}],"curies":[{"name":"wp","href":"https:\/\/api.w.org\/{rel}","templated":true}]}}