{"id":3587,"date":"2022-04-13T16:04:45","date_gmt":"2022-04-13T22:04:45","guid":{"rendered":"https:\/\/sladom.com.mx\/?post_type=product&#038;p=3587"},"modified":"2024-01-01T00:02:46","modified_gmt":"2024-01-01T06:02:46","slug":"sonda-uretral-de-acero","status":"publish","type":"product","link":"https:\/\/sladom.com.mx\/en\/shop\/sex-shop\/bdsm\/sounding\/sonda-uretral-de-acero\/","title":{"rendered":"Steel urethral catheter"},"content":{"rendered":"<p>Esta sonda hecha especialmente para sounding en un excelente material quir\u00fargico, har\u00e1 tu experiencia algo verdaderamente incre\u00edble.<\/p>","protected":false},"excerpt":{"rendered":"<p>In sounding you discover new ways of feeling and in depth. Alone or with your partner you will find new ways to love.<\/p>","protected":false},"featured_media":3588,"comment_status":"closed","ping_status":"closed","template":"","meta":{"_themeisle_gutenberg_block_has_review":false},"product_brand":[],"product_cat":[63,62,112],"product_tag":[],"class_list":{"0":"post-3587","1":"product","2":"type-product","3":"status-publish","4":"has-post-thumbnail","6":"product_cat-bdsm","7":"product_cat-sex-shop","8":"product_cat-sounding","10":"first","11":"instock","12":"shipping-taxable","13":"purchasable","14":"product-type-simple"},"_links":{"self":[{"href":"https:\/\/sladom.com.mx\/en\/wp-json\/wp\/v2\/product\/3587","targetHints":{"allow":["GET"]}}],"collection":[{"href":"https:\/\/sladom.com.mx\/en\/wp-json\/wp\/v2\/product"}],"about":[{"href":"https:\/\/sladom.com.mx\/en\/wp-json\/wp\/v2\/types\/product"}],"replies":[{"embeddable":true,"href":"https:\/\/sladom.com.mx\/en\/wp-json\/wp\/v2\/comments?post=3587"}],"version-history":[{"count":3,"href":"https:\/\/sladom.com.mx\/en\/wp-json\/wp\/v2\/product\/3587\/revisions"}],"predecessor-version":[{"id":3591,"href":"https:\/\/sladom.com.mx\/en\/wp-json\/wp\/v2\/product\/3587\/revisions\/3591"}],"wp:featuredmedia":[{"embeddable":true,"href":"https:\/\/sladom.com.mx\/en\/wp-json\/wp\/v2\/media\/3588"}],"wp:attachment":[{"href":"https:\/\/sladom.com.mx\/en\/wp-json\/wp\/v2\/media?parent=3587"}],"wp:term":[{"taxonomy":"product_brand","embeddable":true,"href":"https:\/\/sladom.com.mx\/en\/wp-json\/wp\/v2\/product_brand?post=3587"},{"taxonomy":"product_cat","embeddable":true,"href":"https:\/\/sladom.com.mx\/en\/wp-json\/wp\/v2\/product_cat?post=3587"},{"taxonomy":"product_tag","embeddable":true,"href":"https:\/\/sladom.com.mx\/en\/wp-json\/wp\/v2\/product_tag?post=3587"}],"curies":[{"name":"wp","href":"https:\/\/api.w.org\/{rel}","templated":true}]}}