{"id":3496,"date":"2022-03-31T01:17:04","date_gmt":"2022-03-31T07:17:04","guid":{"rendered":"https:\/\/sladom.com.mx\/?post_type=product&#038;p=3496"},"modified":"2024-11-06T23:29:07","modified_gmt":"2024-11-07T05:29:07","slug":"tirantes-de-cuero","status":"publish","type":"product","link":"https:\/\/sladom.com.mx\/en\/shop\/hombre\/accesorios-hombre\/tirantes-de-cuero\/","title":{"rendered":"Leather suspenders"},"content":{"rendered":"","protected":false},"excerpt":{"rendered":"<p>En \u00e9poca de calor, para disfrutar con tu pareja, fiesta o antro, nada mejor que unos tirantes de cuero. Estos son un accesorio b\u00e1sico en tu guardaropa que puedes usar con tu atuendo diario o en tus sesiones te har\u00e1 lucir incre\u00edble.<\/p>\n<p>Al momento de confirmar tu compra, indica tu estatura.<\/p>","protected":false},"featured_media":3497,"comment_status":"closed","ping_status":"closed","template":"","meta":{"_themeisle_gutenberg_block_has_review":false},"product_brand":[],"product_cat":[109,58],"product_tag":[],"class_list":{"0":"post-3496","1":"product","2":"type-product","3":"status-publish","4":"has-post-thumbnail","6":"product_cat-accesorios-hombre","7":"product_cat-hombre","9":"first","10":"outofstock","11":"shipping-taxable","12":"purchasable","13":"product-type-simple"},"_links":{"self":[{"href":"https:\/\/sladom.com.mx\/en\/wp-json\/wp\/v2\/product\/3496","targetHints":{"allow":["GET"]}}],"collection":[{"href":"https:\/\/sladom.com.mx\/en\/wp-json\/wp\/v2\/product"}],"about":[{"href":"https:\/\/sladom.com.mx\/en\/wp-json\/wp\/v2\/types\/product"}],"replies":[{"embeddable":true,"href":"https:\/\/sladom.com.mx\/en\/wp-json\/wp\/v2\/comments?post=3496"}],"version-history":[{"count":4,"href":"https:\/\/sladom.com.mx\/en\/wp-json\/wp\/v2\/product\/3496\/revisions"}],"predecessor-version":[{"id":9275,"href":"https:\/\/sladom.com.mx\/en\/wp-json\/wp\/v2\/product\/3496\/revisions\/9275"}],"wp:featuredmedia":[{"embeddable":true,"href":"https:\/\/sladom.com.mx\/en\/wp-json\/wp\/v2\/media\/3497"}],"wp:attachment":[{"href":"https:\/\/sladom.com.mx\/en\/wp-json\/wp\/v2\/media?parent=3496"}],"wp:term":[{"taxonomy":"product_brand","embeddable":true,"href":"https:\/\/sladom.com.mx\/en\/wp-json\/wp\/v2\/product_brand?post=3496"},{"taxonomy":"product_cat","embeddable":true,"href":"https:\/\/sladom.com.mx\/en\/wp-json\/wp\/v2\/product_cat?post=3496"},{"taxonomy":"product_tag","embeddable":true,"href":"https:\/\/sladom.com.mx\/en\/wp-json\/wp\/v2\/product_tag?post=3496"}],"curies":[{"name":"wp","href":"https:\/\/api.w.org\/{rel}","templated":true}]}}