{"id":3216,"date":"2022-02-25T17:51:31","date_gmt":"2022-02-25T23:51:31","guid":{"rendered":"https:\/\/sladom.com.mx\/?post_type=product&#038;p=3216"},"modified":"2022-08-18T20:19:54","modified_gmt":"2022-08-19T02:19:54","slug":"pinzas-pezoneras-negras","status":"publish","type":"product","link":"https:\/\/sladom.com.mx\/en\/shop\/sex-shop\/pinzas-pezoneras\/pinzas-pezoneras-negras\/","title":{"rendered":"Nipple Clamps black"},"content":{"rendered":"<p>These tweezers are fantastic to bring with you and have them available at all times, it also allows you to adjust the pressure that you like the most.<\/p>","protected":false},"excerpt":{"rendered":"<p>Incorporating clamps for nipple stimulation is very exciting, while the mouth and hands do their thing.<\/p>\n<p>Estas pinzas adem\u00e1s incluyen una cadena para jalar de ella y crear una mayor sensaci\u00f3n que ambos disfrutar\u00e1n.<\/p>","protected":false},"featured_media":3195,"comment_status":"closed","ping_status":"closed","template":"","meta":{"_themeisle_gutenberg_block_has_review":false},"product_brand":[],"product_cat":[85,62],"product_tag":[],"class_list":{"0":"post-3216","1":"product","2":"type-product","3":"status-publish","4":"has-post-thumbnail","6":"product_cat-pinzas-pezoneras","7":"product_cat-sex-shop","9":"first","10":"instock","11":"shipping-taxable","12":"purchasable","13":"product-type-simple"},"_links":{"self":[{"href":"https:\/\/sladom.com.mx\/en\/wp-json\/wp\/v2\/product\/3216","targetHints":{"allow":["GET"]}}],"collection":[{"href":"https:\/\/sladom.com.mx\/en\/wp-json\/wp\/v2\/product"}],"about":[{"href":"https:\/\/sladom.com.mx\/en\/wp-json\/wp\/v2\/types\/product"}],"replies":[{"embeddable":true,"href":"https:\/\/sladom.com.mx\/en\/wp-json\/wp\/v2\/comments?post=3216"}],"version-history":[{"count":1,"href":"https:\/\/sladom.com.mx\/en\/wp-json\/wp\/v2\/product\/3216\/revisions"}],"predecessor-version":[{"id":3217,"href":"https:\/\/sladom.com.mx\/en\/wp-json\/wp\/v2\/product\/3216\/revisions\/3217"}],"wp:featuredmedia":[{"embeddable":true,"href":"https:\/\/sladom.com.mx\/en\/wp-json\/wp\/v2\/media\/3195"}],"wp:attachment":[{"href":"https:\/\/sladom.com.mx\/en\/wp-json\/wp\/v2\/media?parent=3216"}],"wp:term":[{"taxonomy":"product_brand","embeddable":true,"href":"https:\/\/sladom.com.mx\/en\/wp-json\/wp\/v2\/product_brand?post=3216"},{"taxonomy":"product_cat","embeddable":true,"href":"https:\/\/sladom.com.mx\/en\/wp-json\/wp\/v2\/product_cat?post=3216"},{"taxonomy":"product_tag","embeddable":true,"href":"https:\/\/sladom.com.mx\/en\/wp-json\/wp\/v2\/product_tag?post=3216"}],"curies":[{"name":"wp","href":"https:\/\/api.w.org\/{rel}","templated":true}]}}