{"id":3210,"date":"2022-02-25T17:05:01","date_gmt":"2022-02-25T23:05:01","guid":{"rendered":"https:\/\/sladom.com.mx\/?post_type=product&#038;p=3210"},"modified":"2025-07-18T23:37:49","modified_gmt":"2025-07-19T05:37:49","slug":"pinzas-pezoneras-2","status":"publish","type":"product","link":"https:\/\/sladom.com.mx\/en\/shop\/sex-shop\/pinzas-pezoneras\/pinzas-pezoneras-2\/","title":{"rendered":"Pinzas pezoneras cromadas"},"content":{"rendered":"<p>Unas pinzas pezoneras siempre te har\u00e1n tener el mayor de lo placeres.<\/p>","protected":false},"excerpt":{"rendered":"<p>Incorporating clamps for nipple stimulation is very exciting, while the mouth and hands do their thing.<\/p>\n<p>Estas pinzas adem\u00e1s incluyen una cadena para jalar de ella y crear una mayor sensaci\u00f3n que ambos disfrutar\u00e1n.<\/p>","protected":false},"featured_media":10386,"comment_status":"closed","ping_status":"closed","template":"","meta":{"_themeisle_gutenberg_block_has_review":false},"product_brand":[],"product_cat":[85,62],"product_tag":[],"class_list":{"0":"post-3210","1":"product","2":"type-product","3":"status-publish","4":"has-post-thumbnail","6":"product_cat-pinzas-pezoneras","7":"product_cat-sex-shop","9":"first","10":"instock","11":"shipping-taxable","12":"purchasable","13":"product-type-simple"},"_links":{"self":[{"href":"https:\/\/sladom.com.mx\/en\/wp-json\/wp\/v2\/product\/3210","targetHints":{"allow":["GET"]}}],"collection":[{"href":"https:\/\/sladom.com.mx\/en\/wp-json\/wp\/v2\/product"}],"about":[{"href":"https:\/\/sladom.com.mx\/en\/wp-json\/wp\/v2\/types\/product"}],"replies":[{"embeddable":true,"href":"https:\/\/sladom.com.mx\/en\/wp-json\/wp\/v2\/comments?post=3210"}],"version-history":[{"count":3,"href":"https:\/\/sladom.com.mx\/en\/wp-json\/wp\/v2\/product\/3210\/revisions"}],"predecessor-version":[{"id":10387,"href":"https:\/\/sladom.com.mx\/en\/wp-json\/wp\/v2\/product\/3210\/revisions\/10387"}],"wp:featuredmedia":[{"embeddable":true,"href":"https:\/\/sladom.com.mx\/en\/wp-json\/wp\/v2\/media\/10386"}],"wp:attachment":[{"href":"https:\/\/sladom.com.mx\/en\/wp-json\/wp\/v2\/media?parent=3210"}],"wp:term":[{"taxonomy":"product_brand","embeddable":true,"href":"https:\/\/sladom.com.mx\/en\/wp-json\/wp\/v2\/product_brand?post=3210"},{"taxonomy":"product_cat","embeddable":true,"href":"https:\/\/sladom.com.mx\/en\/wp-json\/wp\/v2\/product_cat?post=3210"},{"taxonomy":"product_tag","embeddable":true,"href":"https:\/\/sladom.com.mx\/en\/wp-json\/wp\/v2\/product_tag?post=3210"}],"curies":[{"name":"wp","href":"https:\/\/api.w.org\/{rel}","templated":true}]}}