{"id":3179,"date":"2022-02-22T21:08:13","date_gmt":"2022-02-23T03:08:13","guid":{"rendered":"https:\/\/sladom.com.mx\/?post_type=product&#038;p=3179"},"modified":"2022-08-18T20:25:40","modified_gmt":"2022-08-19T02:25:40","slug":"mascara-pasa-montanas-neon","status":"publish","type":"product","link":"https:\/\/sladom.com.mx\/en\/shop\/sex-shop\/licra\/mascara-pasa-montanas-neon\/","title":{"rendered":"M\u00e1scara pasa monta\u00f1as ne\u00f3n"},"content":{"rendered":"<p>The color of this mask is amazing to wear in the dark<\/p>","protected":false},"excerpt":{"rendered":"<p>Para un excitante juego, nada m\u00e1s delicioso que un pasa monta\u00f1as, y en verde ne\u00f3n para que la luzcas en ese evento.<\/p>","protected":false},"featured_media":3182,"comment_status":"closed","ping_status":"closed","template":"","meta":{"_themeisle_gutenberg_block_has_review":false},"product_brand":[],"product_cat":[98,62],"product_tag":[],"class_list":{"0":"post-3179","1":"product","2":"type-product","3":"status-publish","4":"has-post-thumbnail","6":"product_cat-licra","7":"product_cat-sex-shop","9":"first","10":"instock","11":"shipping-taxable","12":"purchasable","13":"product-type-simple"},"_links":{"self":[{"href":"https:\/\/sladom.com.mx\/en\/wp-json\/wp\/v2\/product\/3179","targetHints":{"allow":["GET"]}}],"collection":[{"href":"https:\/\/sladom.com.mx\/en\/wp-json\/wp\/v2\/product"}],"about":[{"href":"https:\/\/sladom.com.mx\/en\/wp-json\/wp\/v2\/types\/product"}],"replies":[{"embeddable":true,"href":"https:\/\/sladom.com.mx\/en\/wp-json\/wp\/v2\/comments?post=3179"}],"version-history":[{"count":3,"href":"https:\/\/sladom.com.mx\/en\/wp-json\/wp\/v2\/product\/3179\/revisions"}],"predecessor-version":[{"id":3183,"href":"https:\/\/sladom.com.mx\/en\/wp-json\/wp\/v2\/product\/3179\/revisions\/3183"}],"wp:featuredmedia":[{"embeddable":true,"href":"https:\/\/sladom.com.mx\/en\/wp-json\/wp\/v2\/media\/3182"}],"wp:attachment":[{"href":"https:\/\/sladom.com.mx\/en\/wp-json\/wp\/v2\/media?parent=3179"}],"wp:term":[{"taxonomy":"product_brand","embeddable":true,"href":"https:\/\/sladom.com.mx\/en\/wp-json\/wp\/v2\/product_brand?post=3179"},{"taxonomy":"product_cat","embeddable":true,"href":"https:\/\/sladom.com.mx\/en\/wp-json\/wp\/v2\/product_cat?post=3179"},{"taxonomy":"product_tag","embeddable":true,"href":"https:\/\/sladom.com.mx\/en\/wp-json\/wp\/v2\/product_tag?post=3179"}],"curies":[{"name":"wp","href":"https:\/\/api.w.org\/{rel}","templated":true}]}}