{"id":2991,"date":"2022-01-29T20:20:17","date_gmt":"2022-01-30T02:20:17","guid":{"rendered":"https:\/\/sladom.com.mx\/?post_type=product&#038;p=2991"},"modified":"2025-12-16T17:55:02","modified_gmt":"2025-12-16T23:55:02","slug":"j-lube-lubricante-en-polvo-para-fisting","status":"publish","type":"product","link":"https:\/\/sladom.com.mx\/en\/shop\/sex-shop\/lubricantes\/j-lube-lubricante-en-polvo-para-fisting\/","title":{"rendered":"J LUBE, lubricante en polvo para fisting"},"content":{"rendered":"<p>Excelente lubricante en polvo para preparar.<\/p>","protected":false},"excerpt":{"rendered":"<p>J-Lube es un polvo l\u00fabrico a base de agua, sin perfume, formulado para un uso seguro del l\u00e1tex. El lubricante l\u00edder para el Fisting.<\/p>","protected":false},"featured_media":2992,"comment_status":"closed","ping_status":"closed","template":"","meta":{"_themeisle_gutenberg_block_has_review":false},"product_brand":[],"product_cat":[91,62],"product_tag":[],"class_list":{"0":"post-2991","1":"product","2":"type-product","3":"status-publish","4":"has-post-thumbnail","6":"product_cat-lubricantes","7":"product_cat-sex-shop","9":"first","10":"instock","11":"sale","12":"shipping-taxable","13":"purchasable","14":"product-type-simple"},"_links":{"self":[{"href":"https:\/\/sladom.com.mx\/en\/wp-json\/wp\/v2\/product\/2991","targetHints":{"allow":["GET"]}}],"collection":[{"href":"https:\/\/sladom.com.mx\/en\/wp-json\/wp\/v2\/product"}],"about":[{"href":"https:\/\/sladom.com.mx\/en\/wp-json\/wp\/v2\/types\/product"}],"replies":[{"embeddable":true,"href":"https:\/\/sladom.com.mx\/en\/wp-json\/wp\/v2\/comments?post=2991"}],"version-history":[{"count":4,"href":"https:\/\/sladom.com.mx\/en\/wp-json\/wp\/v2\/product\/2991\/revisions"}],"predecessor-version":[{"id":10515,"href":"https:\/\/sladom.com.mx\/en\/wp-json\/wp\/v2\/product\/2991\/revisions\/10515"}],"wp:featuredmedia":[{"embeddable":true,"href":"https:\/\/sladom.com.mx\/en\/wp-json\/wp\/v2\/media\/2992"}],"wp:attachment":[{"href":"https:\/\/sladom.com.mx\/en\/wp-json\/wp\/v2\/media?parent=2991"}],"wp:term":[{"taxonomy":"product_brand","embeddable":true,"href":"https:\/\/sladom.com.mx\/en\/wp-json\/wp\/v2\/product_brand?post=2991"},{"taxonomy":"product_cat","embeddable":true,"href":"https:\/\/sladom.com.mx\/en\/wp-json\/wp\/v2\/product_cat?post=2991"},{"taxonomy":"product_tag","embeddable":true,"href":"https:\/\/sladom.com.mx\/en\/wp-json\/wp\/v2\/product_tag?post=2991"}],"curies":[{"name":"wp","href":"https:\/\/api.w.org\/{rel}","templated":true}]}}