{"id":2893,"date":"2022-01-18T22:37:51","date_gmt":"2022-01-19T04:37:51","guid":{"rendered":"https:\/\/sladom.com.mx\/?post_type=product&#038;p=2893"},"modified":"2025-07-11T19:20:10","modified_gmt":"2025-07-12T01:20:10","slug":"pinzas-pezoneras-japonesas","status":"publish","type":"product","link":"https:\/\/sladom.com.mx\/en\/shop\/sex-shop\/pinzas-pezoneras\/pinzas-pezoneras-japonesas\/","title":{"rendered":"Japanese Nipple Clamps"},"content":{"rendered":"","protected":false},"excerpt":{"rendered":"<p>Incorporating clamps for nipple stimulation is very exciting, while the mouth and hands do their thing.<\/p>\n<p>Estas pinzas adem\u00e1s incluyen una cadena para jalar de ella y crear una mayor sensaci\u00f3n que ambos disfrutar\u00e1n.<\/p>","protected":false},"featured_media":10327,"comment_status":"closed","ping_status":"closed","template":"","meta":{"_themeisle_gutenberg_block_has_review":false},"product_brand":[],"product_cat":[85,62],"product_tag":[],"class_list":{"0":"post-2893","1":"product","2":"type-product","3":"status-publish","4":"has-post-thumbnail","6":"product_cat-pinzas-pezoneras","7":"product_cat-sex-shop","9":"first","10":"instock","11":"shipping-taxable","12":"purchasable","13":"product-type-variable"},"_links":{"self":[{"href":"https:\/\/sladom.com.mx\/en\/wp-json\/wp\/v2\/product\/2893","targetHints":{"allow":["GET"]}}],"collection":[{"href":"https:\/\/sladom.com.mx\/en\/wp-json\/wp\/v2\/product"}],"about":[{"href":"https:\/\/sladom.com.mx\/en\/wp-json\/wp\/v2\/types\/product"}],"replies":[{"embeddable":true,"href":"https:\/\/sladom.com.mx\/en\/wp-json\/wp\/v2\/comments?post=2893"}],"version-history":[{"count":1,"href":"https:\/\/sladom.com.mx\/en\/wp-json\/wp\/v2\/product\/2893\/revisions"}],"predecessor-version":[{"id":2896,"href":"https:\/\/sladom.com.mx\/en\/wp-json\/wp\/v2\/product\/2893\/revisions\/2896"}],"wp:featuredmedia":[{"embeddable":true,"href":"https:\/\/sladom.com.mx\/en\/wp-json\/wp\/v2\/media\/10327"}],"wp:attachment":[{"href":"https:\/\/sladom.com.mx\/en\/wp-json\/wp\/v2\/media?parent=2893"}],"wp:term":[{"taxonomy":"product_brand","embeddable":true,"href":"https:\/\/sladom.com.mx\/en\/wp-json\/wp\/v2\/product_brand?post=2893"},{"taxonomy":"product_cat","embeddable":true,"href":"https:\/\/sladom.com.mx\/en\/wp-json\/wp\/v2\/product_cat?post=2893"},{"taxonomy":"product_tag","embeddable":true,"href":"https:\/\/sladom.com.mx\/en\/wp-json\/wp\/v2\/product_tag?post=2893"}],"curies":[{"name":"wp","href":"https:\/\/api.w.org\/{rel}","templated":true}]}}