{"id":2652,"date":"2022-01-06T22:05:47","date_gmt":"2022-01-07T04:05:47","guid":{"rendered":"https:\/\/sladom.com.mx\/?post_type=product&#038;p=2652"},"modified":"2023-12-29T19:38:10","modified_gmt":"2023-12-30T01:38:10","slug":"dildo-realistic-bad-dragon","status":"publish","type":"product","link":"https:\/\/sladom.com.mx\/en\/shop\/sex-shop\/dildos\/dildo-realistic-bad-dragon\/","title":{"rendered":"Realistic bad Dragon dildo"},"content":{"rendered":"<p>Este plug drag\u00f3n te llevar\u00e1 al m\u00e1ximo de placer.<\/p>","protected":false},"excerpt":{"rendered":"<p>The new Bad Dragon realistic dildo is the most current and the one that everyone wants for its soft and firm body, it is the perfect measure and its anatomical design will enchant you.<\/p>","protected":false},"featured_media":2653,"comment_status":"closed","ping_status":"closed","template":"","meta":{"_themeisle_gutenberg_block_has_review":false},"product_brand":[],"product_cat":[138,62],"product_tag":[],"class_list":{"0":"post-2652","1":"product","2":"type-product","3":"status-publish","4":"has-post-thumbnail","6":"product_cat-dildos","7":"product_cat-sex-shop","9":"first","10":"instock","11":"shipping-taxable","12":"purchasable","13":"product-type-variable"},"_links":{"self":[{"href":"https:\/\/sladom.com.mx\/en\/wp-json\/wp\/v2\/product\/2652","targetHints":{"allow":["GET"]}}],"collection":[{"href":"https:\/\/sladom.com.mx\/en\/wp-json\/wp\/v2\/product"}],"about":[{"href":"https:\/\/sladom.com.mx\/en\/wp-json\/wp\/v2\/types\/product"}],"replies":[{"embeddable":true,"href":"https:\/\/sladom.com.mx\/en\/wp-json\/wp\/v2\/comments?post=2652"}],"version-history":[{"count":4,"href":"https:\/\/sladom.com.mx\/en\/wp-json\/wp\/v2\/product\/2652\/revisions"}],"predecessor-version":[{"id":7412,"href":"https:\/\/sladom.com.mx\/en\/wp-json\/wp\/v2\/product\/2652\/revisions\/7412"}],"wp:featuredmedia":[{"embeddable":true,"href":"https:\/\/sladom.com.mx\/en\/wp-json\/wp\/v2\/media\/2653"}],"wp:attachment":[{"href":"https:\/\/sladom.com.mx\/en\/wp-json\/wp\/v2\/media?parent=2652"}],"wp:term":[{"taxonomy":"product_brand","embeddable":true,"href":"https:\/\/sladom.com.mx\/en\/wp-json\/wp\/v2\/product_brand?post=2652"},{"taxonomy":"product_cat","embeddable":true,"href":"https:\/\/sladom.com.mx\/en\/wp-json\/wp\/v2\/product_cat?post=2652"},{"taxonomy":"product_tag","embeddable":true,"href":"https:\/\/sladom.com.mx\/en\/wp-json\/wp\/v2\/product_tag?post=2652"}],"curies":[{"name":"wp","href":"https:\/\/api.w.org\/{rel}","templated":true}]}}