{"id":2617,"date":"2022-01-05T01:00:15","date_gmt":"2022-01-05T07:00:15","guid":{"rendered":"https:\/\/sladom.com.mx\/?post_type=product&#038;p=2617"},"modified":"2022-08-17T14:09:07","modified_gmt":"2022-08-17T20:09:07","slug":"traje-de-bano-arcoiris","status":"publish","type":"product","link":"https:\/\/sladom.com.mx\/en\/shop\/store\/playa\/traje-de-bano-arcoiris\/","title":{"rendered":"Rainbow swimsuit"},"content":{"rendered":"<p>Un traje de ba\u00f1o hecho para ti. Pide el tuyo en nuestra tienda Saldom.<\/p>","protected":false},"excerpt":{"rendered":"<p>Traje de ba\u00f1o arco\u00edris.<\/p>\n<p>\u00bfListo para el bronceado perfecto?<\/p>\n<p>Luce un espectacular traje de ba\u00f1o del arco\u00edris y v\u00e1monos a la playa.<\/p>","protected":false},"featured_media":2620,"comment_status":"closed","ping_status":"closed","template":"","meta":{"_themeisle_gutenberg_block_has_review":false},"product_brand":[],"product_cat":[67,68,66],"product_tag":[],"class_list":{"0":"post-2617","1":"product","2":"type-product","3":"status-publish","4":"has-post-thumbnail","6":"product_cat-playa","7":"product_cat-pride","8":"product_cat-store","10":"first","11":"instock","12":"shipping-taxable","13":"purchasable","14":"product-type-variable"},"_links":{"self":[{"href":"https:\/\/sladom.com.mx\/en\/wp-json\/wp\/v2\/product\/2617","targetHints":{"allow":["GET"]}}],"collection":[{"href":"https:\/\/sladom.com.mx\/en\/wp-json\/wp\/v2\/product"}],"about":[{"href":"https:\/\/sladom.com.mx\/en\/wp-json\/wp\/v2\/types\/product"}],"replies":[{"embeddable":true,"href":"https:\/\/sladom.com.mx\/en\/wp-json\/wp\/v2\/comments?post=2617"}],"version-history":[{"count":3,"href":"https:\/\/sladom.com.mx\/en\/wp-json\/wp\/v2\/product\/2617\/revisions"}],"predecessor-version":[{"id":4681,"href":"https:\/\/sladom.com.mx\/en\/wp-json\/wp\/v2\/product\/2617\/revisions\/4681"}],"wp:featuredmedia":[{"embeddable":true,"href":"https:\/\/sladom.com.mx\/en\/wp-json\/wp\/v2\/media\/2620"}],"wp:attachment":[{"href":"https:\/\/sladom.com.mx\/en\/wp-json\/wp\/v2\/media?parent=2617"}],"wp:term":[{"taxonomy":"product_brand","embeddable":true,"href":"https:\/\/sladom.com.mx\/en\/wp-json\/wp\/v2\/product_brand?post=2617"},{"taxonomy":"product_cat","embeddable":true,"href":"https:\/\/sladom.com.mx\/en\/wp-json\/wp\/v2\/product_cat?post=2617"},{"taxonomy":"product_tag","embeddable":true,"href":"https:\/\/sladom.com.mx\/en\/wp-json\/wp\/v2\/product_tag?post=2617"}],"curies":[{"name":"wp","href":"https:\/\/api.w.org\/{rel}","templated":true}]}}