{"id":11202,"date":"2025-10-13T12:33:47","date_gmt":"2025-10-13T18:33:47","guid":{"rendered":"https:\/\/sladom.com.mx\/?post_type=product&#038;p=11202"},"modified":"2025-10-13T14:18:20","modified_gmt":"2025-10-13T20:18:20","slug":"mascara-de-cachorro-pu-collar-de-neopreno","status":"publish","type":"product","link":"https:\/\/sladom.com.mx\/en\/shop\/sex-shop\/packs-de-ofertas\/mascara-de-cachorro-pu-collar-de-neopreno\/","title":{"rendered":"PU Puppy Mask + Neoprene Collar"},"content":{"rendered":"","protected":false},"excerpt":{"rendered":"<p>For you to enjoy the game with your owner to the fullest, put on a puppy mask with a fresh and innovative color.<br \/>\nCuando usas un collar, transforma tu mente y te sit\u00faa en el papel que vas a desempe\u00f1ar como cachorro o esclavo. Este accesorio es fundamental para una sesi\u00f3n muy placentera y que tu due\u00f1o disfrutar\u00e1.<\/p>","protected":false},"featured_media":11203,"comment_status":"closed","ping_status":"closed","template":"","meta":{"_themeisle_gutenberg_block_has_review":false},"product_brand":[],"product_cat":[86],"product_tag":[],"class_list":{"0":"post-11202","1":"product","2":"type-product","3":"status-publish","4":"has-post-thumbnail","6":"product_cat-packs-de-ofertas","8":"first","9":"instock","10":"sale","11":"shipping-taxable","12":"purchasable","13":"product-type-simple"},"_links":{"self":[{"href":"https:\/\/sladom.com.mx\/en\/wp-json\/wp\/v2\/product\/11202","targetHints":{"allow":["GET"]}}],"collection":[{"href":"https:\/\/sladom.com.mx\/en\/wp-json\/wp\/v2\/product"}],"about":[{"href":"https:\/\/sladom.com.mx\/en\/wp-json\/wp\/v2\/types\/product"}],"replies":[{"embeddable":true,"href":"https:\/\/sladom.com.mx\/en\/wp-json\/wp\/v2\/comments?post=11202"}],"version-history":[{"count":1,"href":"https:\/\/sladom.com.mx\/en\/wp-json\/wp\/v2\/product\/11202\/revisions"}],"predecessor-version":[{"id":11204,"href":"https:\/\/sladom.com.mx\/en\/wp-json\/wp\/v2\/product\/11202\/revisions\/11204"}],"wp:featuredmedia":[{"embeddable":true,"href":"https:\/\/sladom.com.mx\/en\/wp-json\/wp\/v2\/media\/11203"}],"wp:attachment":[{"href":"https:\/\/sladom.com.mx\/en\/wp-json\/wp\/v2\/media?parent=11202"}],"wp:term":[{"taxonomy":"product_brand","embeddable":true,"href":"https:\/\/sladom.com.mx\/en\/wp-json\/wp\/v2\/product_brand?post=11202"},{"taxonomy":"product_cat","embeddable":true,"href":"https:\/\/sladom.com.mx\/en\/wp-json\/wp\/v2\/product_cat?post=11202"},{"taxonomy":"product_tag","embeddable":true,"href":"https:\/\/sladom.com.mx\/en\/wp-json\/wp\/v2\/product_tag?post=11202"}],"curies":[{"name":"wp","href":"https:\/\/api.w.org\/{rel}","templated":true}]}}